{"id":51680,"date":"2021-11-22T12:40:55","date_gmt":"2021-11-22T11:40:55","guid":{"rendered":"https:\/\/woolami.ch\/?page_id=51680"},"modified":"2022-01-06T11:23:05","modified_gmt":"2022-01-06T10:23:05","slug":"versand-retouren","status":"publish","type":"page","link":"https:\/\/woolami.ch\/de\/versand-retouren\/","title":{"rendered":"VERSAND &#038; RETOUREN"},"content":{"rendered":"\t\t<div data-elementor-type=\"wp-page\" data-elementor-id=\"51680\" class=\"elementor elementor-51680 elementor-51655\" data-elementor-post-type=\"page\">\n\t\t\t\t\t\t<section class=\"elementor-section elementor-top-section elementor-element elementor-element-c478d14 elementor-section-content-middle elementor-section-height-min-height elementor-section-boxed elementor-section-height-default elementor-section-items-middle\" data-id=\"c478d14\" data-element_type=\"section\" data-e-type=\"section\" data-settings=\"{&quot;background_background&quot;:&quot;classic&quot;,&quot;jet_parallax_layout_list&quot;:[{&quot;jet_parallax_layout_image&quot;:{&quot;url&quot;:&quot;&quot;,&quot;id&quot;:&quot;&quot;,&quot;size&quot;:&quot;&quot;},&quot;_id&quot;:&quot;7ffcd74&quot;,&quot;jet_parallax_layout_image_tablet&quot;:{&quot;url&quot;:&quot;&quot;,&quot;id&quot;:&quot;&quot;,&quot;size&quot;:&quot;&quot;},&quot;jet_parallax_layout_image_mobile&quot;:{&quot;url&quot;:&quot;&quot;,&quot;id&quot;:&quot;&quot;,&quot;size&quot;:&quot;&quot;},&quot;jet_parallax_layout_speed&quot;:{&quot;unit&quot;:&quot;%&quot;,&quot;size&quot;:50,&quot;sizes&quot;:[]},&quot;jet_parallax_layout_type&quot;:&quot;scroll&quot;,&quot;jet_parallax_layout_direction&quot;:&quot;1&quot;,&quot;jet_parallax_layout_fx_direction&quot;:null,&quot;jet_parallax_layout_z_index&quot;:&quot;&quot;,&quot;jet_parallax_layout_bg_x&quot;:50,&quot;jet_parallax_layout_bg_x_tablet&quot;:&quot;&quot;,&quot;jet_parallax_layout_bg_x_mobile&quot;:&quot;&quot;,&quot;jet_parallax_layout_bg_y&quot;:50,&quot;jet_parallax_layout_bg_y_tablet&quot;:&quot;&quot;,&quot;jet_parallax_layout_bg_y_mobile&quot;:&quot;&quot;,&quot;jet_parallax_layout_bg_size&quot;:&quot;auto&quot;,&quot;jet_parallax_layout_bg_size_tablet&quot;:&quot;&quot;,&quot;jet_parallax_layout_bg_size_mobile&quot;:&quot;&quot;,&quot;jet_parallax_layout_animation_prop&quot;:&quot;transform&quot;,&quot;jet_parallax_layout_on&quot;:[&quot;desktop&quot;,&quot;tablet&quot;]}]}\">\n\t\t\t\t\t\t\t<div class=\"elementor-background-overlay\"><\/div>\n\t\t\t\t\t\t\t<div class=\"elementor-container elementor-column-gap-wider\">\n\t\t\t\t\t<div class=\"elementor-column elementor-col-100 elementor-top-column elementor-element elementor-element-86296cc\" data-id=\"86296cc\" data-element_type=\"column\" data-e-type=\"column\" data-settings=\"{&quot;background_background&quot;:&quot;classic&quot;}\">\n\t\t\t<div class=\"elementor-widget-wrap elementor-element-populated\">\n\t\t\t\t\t\t<div class=\"elementor-element elementor-element-a76c3fa elementor-widget elementor-widget-heading\" data-id=\"a76c3fa\" data-element_type=\"widget\" data-e-type=\"widget\" data-widget_type=\"heading.default\">\n\t\t\t\t<div class=\"elementor-widget-container\">\n\t\t\t\t\t<h2 class=\"elementor-heading-title elementor-size-default\">VERSAND &amp; RETOUREN<\/h2>\t\t\t\t<\/div>\n\t\t\t\t<\/div>\n\t\t\t\t\t<\/div>\n\t\t<\/div>\n\t\t\t\t\t<\/div>\n\t\t<\/section>\n\t\t\t\t<section class=\"elementor-section elementor-top-section elementor-element elementor-element-993f29b elementor-section-content-top elementor-section-boxed elementor-section-height-default elementor-section-height-default\" data-id=\"993f29b\" data-element_type=\"section\" data-e-type=\"section\" data-settings=\"{&quot;background_background&quot;:&quot;classic&quot;,&quot;jet_parallax_layout_list&quot;:[{&quot;jet_parallax_layout_image&quot;:{&quot;url&quot;:&quot;&quot;,&quot;id&quot;:&quot;&quot;,&quot;size&quot;:&quot;&quot;},&quot;_id&quot;:&quot;bef1e92&quot;,&quot;jet_parallax_layout_image_tablet&quot;:{&quot;url&quot;:&quot;&quot;,&quot;id&quot;:&quot;&quot;,&quot;size&quot;:&quot;&quot;},&quot;jet_parallax_layout_image_mobile&quot;:{&quot;url&quot;:&quot;&quot;,&quot;id&quot;:&quot;&quot;,&quot;size&quot;:&quot;&quot;},&quot;jet_parallax_layout_speed&quot;:{&quot;unit&quot;:&quot;%&quot;,&quot;size&quot;:50,&quot;sizes&quot;:[]},&quot;jet_parallax_layout_type&quot;:&quot;scroll&quot;,&quot;jet_parallax_layout_direction&quot;:&quot;1&quot;,&quot;jet_parallax_layout_fx_direction&quot;:null,&quot;jet_parallax_layout_z_index&quot;:&quot;&quot;,&quot;jet_parallax_layout_bg_x&quot;:50,&quot;jet_parallax_layout_bg_x_tablet&quot;:&quot;&quot;,&quot;jet_parallax_layout_bg_x_mobile&quot;:&quot;&quot;,&quot;jet_parallax_layout_bg_y&quot;:50,&quot;jet_parallax_layout_bg_y_tablet&quot;:&quot;&quot;,&quot;jet_parallax_layout_bg_y_mobile&quot;:&quot;&quot;,&quot;jet_parallax_layout_bg_size&quot;:&quot;auto&quot;,&quot;jet_parallax_layout_bg_size_tablet&quot;:&quot;&quot;,&quot;jet_parallax_layout_bg_size_mobile&quot;:&quot;&quot;,&quot;jet_parallax_layout_animation_prop&quot;:&quot;transform&quot;,&quot;jet_parallax_layout_on&quot;:[&quot;desktop&quot;,&quot;tablet&quot;]}]}\">\n\t\t\t\t\t\t<div class=\"elementor-container elementor-column-gap-wider\">\n\t\t\t\t\t<div class=\"elementor-column elementor-col-50 elementor-top-column elementor-element elementor-element-8235558\" data-id=\"8235558\" data-element_type=\"column\" data-e-type=\"column\">\n\t\t\t<div class=\"elementor-widget-wrap elementor-element-populated\">\n\t\t\t\t\t\t<div class=\"elementor-element elementor-element-cad5def dt-nav-menu_align-left dt-sub-menu_align-left elementor-widget elementor-widget-the7_nav-menu\" data-id=\"cad5def\" data-element_type=\"widget\" data-e-type=\"widget\" data-settings=\"{&quot;submenu_display&quot;:&quot;on_click&quot;}\" data-widget_type=\"the7_nav-menu.default\">\n\t\t\t\t<div class=\"elementor-widget-container\">\n\t\t\t\t\t<nav class=\"dt-nav-menu--main dt-nav-menu__container dt-sub-menu-display-on_click dt-icon-align-with_text dt-icon-position-right dt-sub-icon-position-right dt-sub-icon-align-with_text\"><ul class=\"dt-nav-menu\"><li class=\"menu-item menu-item-type-post_type menu-item-object-page menu-item-52301 first depth-0\"><a href='https:\/\/woolami.ch\/notre-histoire\/' data-level='1'><span class=\"item-content\"><span class=\"menu-item-text\"><span class=\"menu-text\">\u00dcBER UNS<\/span><\/span><\/span><span class=\"right next-level-button\" data-icon = \"fas fa-caret-down\"><i aria-hidden=\"true\" class=\"open-button fas fa-caret-right\"><\/i> <i aria-hidden=\"true\" class=\"icon-active fas fa-caret-down\"><\/i><\/span><\/a><\/li> <li class=\"menu-item menu-item-type-post_type menu-item-object-page menu-item-52274 depth-0\"><a href='https:\/\/woolami.ch\/blog-2\/' data-level='1'><span class=\"item-content\"><span class=\"menu-item-text\"><span class=\"menu-text\">Blog<\/span><\/span><\/span><span class=\"right next-level-button\" data-icon = \"fas fa-caret-down\"><i aria-hidden=\"true\" class=\"open-button fas fa-caret-right\"><\/i> <i aria-hidden=\"true\" class=\"icon-active fas fa-caret-down\"><\/i><\/span><\/a><\/li> <li class=\"menu-item menu-item-type-post_type menu-item-object-page menu-item-52277 depth-0\"><a href='https:\/\/woolami.ch\/livraison-retours\/' data-level='1'><span class=\"item-content\"><span class=\"menu-item-text\"><span class=\"menu-text\">VERSAND &#038; RETOUREN<\/span><\/span><\/span><span class=\"right next-level-button\" data-icon = \"fas fa-caret-down\"><i aria-hidden=\"true\" class=\"open-button fas fa-caret-right\"><\/i> <i aria-hidden=\"true\" class=\"icon-active fas fa-caret-down\"><\/i><\/span><\/a><\/li> <li class=\"menu-item menu-item-type-post_type menu-item-object-page menu-item-52275 last depth-0\"><a href='https:\/\/woolami.ch\/contact\/' data-level='1'><span class=\"item-content\"><span class=\"menu-item-text\"><span class=\"menu-text\">KONTAKT<\/span><\/span><\/span><span class=\"right next-level-button\" data-icon = \"fas fa-caret-down\"><i aria-hidden=\"true\" class=\"open-button fas fa-caret-right\"><\/i> <i aria-hidden=\"true\" class=\"icon-active fas fa-caret-down\"><\/i><\/span><\/a><\/li> <\/ul><\/nav>\t\t\t\t<\/div>\n\t\t\t\t<\/div>\n\t\t\t\t\t<\/div>\n\t\t<\/div>\n\t\t\t\t<div class=\"elementor-column elementor-col-50 elementor-top-column elementor-element elementor-element-fa5965c\" data-id=\"fa5965c\" data-element_type=\"column\" data-e-type=\"column\">\n\t\t\t<div class=\"elementor-widget-wrap elementor-element-populated\">\n\t\t\t\t\t\t<div class=\"elementor-element elementor-element-726fefc elementor-widget elementor-widget-heading\" data-id=\"726fefc\" data-element_type=\"widget\" data-e-type=\"widget\" data-widget_type=\"heading.default\">\n\t\t\t\t<div class=\"elementor-widget-container\">\n\t\t\t\t\t<h3 class=\"elementor-heading-title elementor-size-default\">VERSANDOPTIONEN<\/h3>\t\t\t\t<\/div>\n\t\t\t\t<\/div>\n\t\t\t\t<div class=\"elementor-element elementor-element-9c7a147 elementor-widget elementor-widget-text-editor\" data-id=\"9c7a147\" data-element_type=\"widget\" data-e-type=\"widget\" data-widget_type=\"text-editor.default\">\n\t\t\t\t<div class=\"elementor-widget-container\">\n\t\t\t\t\t\t\t\t\t<p>Es ist f\u00fcr uns sehr wichtig, dass Sie ein gutes Kauferlebnis haben, wenn Sie unsere Woolamiprodukte kaufen.<\/p><p><span style=\"text-decoration: underline;\">SCHWEIZ<\/span><br \/>Bei einem Auftragswert \u00fcber 100 CHF liefern wir innerhalb der Schweiz kostenlos.<\/p><p>Die Lieferkosten erscheinen bei Auftragsabschluss. Lieferungen in der Schweiz werden mit der Schweizer Post get\u00e4tigt. F\u00fcr Auftr\u00e4ge mit einem Wert weniger als 100 CHF betragen die Frachtkosten 9 CHF.<\/p><p>Sie k\u00f6nnen erwarten, die Ware 2-5 Tage nach Auftragsaufgabe zu erhalten.<\/p><p><span style=\"text-decoration: underline;\">EUROP\u00c4ISCHE L\u00c4NDER<\/span><br \/>Wir liefern auch an die folgenden europ\u00e4ischen L\u00e4nder: Frankreich, Deutschland, Belgien, D\u00e4nemark, Spanien, Finland, Italien, Liechtenstein, Holland, Portugal, UK, Schweden und \u00d6sterreich.<\/p><p>Die Frachtkosten werden bei Auftragsabschluss angegeben. Sie betragen 10 EUR f\u00fcr Lieferungen nach Frankreich und 15 EUR f\u00fcr Lieferungen an die \u00fcbrigen genannten L\u00e4nder. \u00a0F\u00fcr alle Auftr\u00e4ge im Wert von \u00fcber 100 EUR werden keine Versandkosten verrechnet.<\/p><p>Sie d\u00fcrfen erwarten, Ihren Auftrag 5-7 Tage nach Auftragseingabe zu erhalten.<\/p>\t\t\t\t\t\t\t\t<\/div>\n\t\t\t\t<\/div>\n\t\t\t\t\t<\/div>\n\t\t<\/div>\n\t\t\t\t\t<\/div>\n\t\t<\/section>\n\t\t\t\t<section class=\"elementor-section elementor-top-section elementor-element elementor-element-9977257 elementor-section-content-middle elementor-section-height-min-height elementor-section-boxed elementor-section-height-default elementor-section-items-middle\" data-id=\"9977257\" data-element_type=\"section\" data-e-type=\"section\" data-settings=\"{&quot;background_background&quot;:&quot;classic&quot;,&quot;jet_parallax_layout_list&quot;:[{&quot;jet_parallax_layout_image&quot;:{&quot;url&quot;:&quot;&quot;,&quot;id&quot;:&quot;&quot;,&quot;size&quot;:&quot;&quot;},&quot;_id&quot;:&quot;9c3b1a6&quot;,&quot;jet_parallax_layout_image_tablet&quot;:{&quot;url&quot;:&quot;&quot;,&quot;id&quot;:&quot;&quot;,&quot;size&quot;:&quot;&quot;},&quot;jet_parallax_layout_image_mobile&quot;:{&quot;url&quot;:&quot;&quot;,&quot;id&quot;:&quot;&quot;,&quot;size&quot;:&quot;&quot;},&quot;jet_parallax_layout_speed&quot;:{&quot;unit&quot;:&quot;%&quot;,&quot;size&quot;:50,&quot;sizes&quot;:[]},&quot;jet_parallax_layout_type&quot;:&quot;scroll&quot;,&quot;jet_parallax_layout_direction&quot;:&quot;1&quot;,&quot;jet_parallax_layout_fx_direction&quot;:null,&quot;jet_parallax_layout_z_index&quot;:&quot;&quot;,&quot;jet_parallax_layout_bg_x&quot;:50,&quot;jet_parallax_layout_bg_x_tablet&quot;:&quot;&quot;,&quot;jet_parallax_layout_bg_x_mobile&quot;:&quot;&quot;,&quot;jet_parallax_layout_bg_y&quot;:50,&quot;jet_parallax_layout_bg_y_tablet&quot;:&quot;&quot;,&quot;jet_parallax_layout_bg_y_mobile&quot;:&quot;&quot;,&quot;jet_parallax_layout_bg_size&quot;:&quot;auto&quot;,&quot;jet_parallax_layout_bg_size_tablet&quot;:&quot;&quot;,&quot;jet_parallax_layout_bg_size_mobile&quot;:&quot;&quot;,&quot;jet_parallax_layout_animation_prop&quot;:&quot;transform&quot;,&quot;jet_parallax_layout_on&quot;:[&quot;desktop&quot;,&quot;tablet&quot;]}]}\">\n\t\t\t\t\t\t<div class=\"elementor-container elementor-column-gap-wider\">\n\t\t\t\t\t<div class=\"elementor-column elementor-col-100 elementor-top-column elementor-element elementor-element-eec52ec\" data-id=\"eec52ec\" data-element_type=\"column\" data-e-type=\"column\">\n\t\t\t<div class=\"elementor-widget-wrap\">\n\t\t\t\t\t\t\t<\/div>\n\t\t<\/div>\n\t\t\t\t\t<\/div>\n\t\t<\/section>\n\t\t\t\t<section class=\"elementor-section elementor-top-section elementor-element elementor-element-094f1fe elementor-section-content-top elementor-section-boxed elementor-section-height-default elementor-section-height-default\" data-id=\"094f1fe\" data-element_type=\"section\" data-e-type=\"section\" data-settings=\"{&quot;background_background&quot;:&quot;classic&quot;,&quot;jet_parallax_layout_list&quot;:[{&quot;jet_parallax_layout_image&quot;:{&quot;url&quot;:&quot;&quot;,&quot;id&quot;:&quot;&quot;,&quot;size&quot;:&quot;&quot;},&quot;_id&quot;:&quot;8d048fa&quot;,&quot;jet_parallax_layout_image_tablet&quot;:{&quot;url&quot;:&quot;&quot;,&quot;id&quot;:&quot;&quot;,&quot;size&quot;:&quot;&quot;},&quot;jet_parallax_layout_image_mobile&quot;:{&quot;url&quot;:&quot;&quot;,&quot;id&quot;:&quot;&quot;,&quot;size&quot;:&quot;&quot;},&quot;jet_parallax_layout_speed&quot;:{&quot;unit&quot;:&quot;%&quot;,&quot;size&quot;:50,&quot;sizes&quot;:[]},&quot;jet_parallax_layout_type&quot;:&quot;scroll&quot;,&quot;jet_parallax_layout_direction&quot;:&quot;1&quot;,&quot;jet_parallax_layout_fx_direction&quot;:null,&quot;jet_parallax_layout_z_index&quot;:&quot;&quot;,&quot;jet_parallax_layout_bg_x&quot;:50,&quot;jet_parallax_layout_bg_x_tablet&quot;:&quot;&quot;,&quot;jet_parallax_layout_bg_x_mobile&quot;:&quot;&quot;,&quot;jet_parallax_layout_bg_y&quot;:50,&quot;jet_parallax_layout_bg_y_tablet&quot;:&quot;&quot;,&quot;jet_parallax_layout_bg_y_mobile&quot;:&quot;&quot;,&quot;jet_parallax_layout_bg_size&quot;:&quot;auto&quot;,&quot;jet_parallax_layout_bg_size_tablet&quot;:&quot;&quot;,&quot;jet_parallax_layout_bg_size_mobile&quot;:&quot;&quot;,&quot;jet_parallax_layout_animation_prop&quot;:&quot;transform&quot;,&quot;jet_parallax_layout_on&quot;:[&quot;desktop&quot;,&quot;tablet&quot;]}]}\">\n\t\t\t\t\t\t<div class=\"elementor-container elementor-column-gap-wider\">\n\t\t\t\t\t<div class=\"elementor-column elementor-col-50 elementor-top-column elementor-element elementor-element-5cf3d9a\" data-id=\"5cf3d9a\" data-element_type=\"column\" data-e-type=\"column\">\n\t\t\t<div class=\"elementor-widget-wrap\">\n\t\t\t\t\t\t\t<\/div>\n\t\t<\/div>\n\t\t\t\t<div class=\"elementor-column elementor-col-50 elementor-top-column elementor-element elementor-element-5eccc59\" data-id=\"5eccc59\" data-element_type=\"column\" data-e-type=\"column\">\n\t\t\t<div class=\"elementor-widget-wrap elementor-element-populated\">\n\t\t\t\t\t\t<div class=\"elementor-element elementor-element-66941ff elementor-widget elementor-widget-heading\" data-id=\"66941ff\" data-element_type=\"widget\" data-e-type=\"widget\" data-widget_type=\"heading.default\">\n\t\t\t\t<div class=\"elementor-widget-container\">\n\t\t\t\t\t<h2 class=\"elementor-heading-title elementor-size-default\">UMTAUSCH &amp; RETOUREN<\/h2>\t\t\t\t<\/div>\n\t\t\t\t<\/div>\n\t\t\t\t<div class=\"elementor-element elementor-element-f0976e8 elementor-widget elementor-widget-text-editor\" data-id=\"f0976e8\" data-element_type=\"widget\" data-e-type=\"widget\" data-widget_type=\"text-editor.default\">\n\t\t\t\t<div class=\"elementor-widget-container\">\n\t\t\t\t\t\t\t\t\t<p>Wir wollen, dass unsere Kunden mit dem Shopping by Woolami komplett zufrieden sind. Deshalb bieten wir eine \u201a100% Zufrieden oder Retour Policy\u2018 an. Wenn Sie mit Ihrer Ware nicht vollst\u00e4ndig zufrieden sind, k\u00f6nnen Sie sie innerhalb von 20 Tagen nach Fakturadatum zur\u00fccksenden. Wir wollen lediglich, dass die Woolamiware im gleichen Zustand zur\u00fcckkommt, wie sie es uns verlassen hatte (ungebraucht und in Originalverpackung).<\/p><p>Wenn Sie eine Ware retournieren wollen, bitte senden Sie uns einen E-mail an <a href=\"mailto:hello@woolami.com\">hello@woolami.com<\/a>, und wir geben Ihnen die notwendigen Versandinstruktionen.<\/p><p>Bitte beachten Sie, dass Sie f\u00fcr die Versandkosten der R\u00fccksendung verantwortlich sind. Wenn Sie eine andere verf\u00fcgbare Gr\u00f6sse als Ersatz wollen, wird Woolami die Versandkosten f\u00fcr die Ersatzliferung bezahlen.<\/p><p>Nur Produkte mit regul\u00e4ren Preisen werden r\u00fcckerstattet (keine rabattierte Waren).<\/p>\t\t\t\t\t\t\t\t<\/div>\n\t\t\t\t<\/div>\n\t\t\t\t\t<\/div>\n\t\t<\/div>\n\t\t\t\t\t<\/div>\n\t\t<\/section>\n\t\t\t\t<\/div>\n\t\t","protected":false},"excerpt":{"rendered":"<p>VERSAND &#038; RETOUREN VERSANDOPTIONEN Es ist f\u00fcr uns sehr wichtig, dass Sie ein gutes Kauferlebnis haben, wenn Sie unsere Woolamiprodukte kaufen. SCHWEIZBei einem Auftragswert \u00fcber 100 CHF liefern wir innerhalb der Schweiz kostenlos. Die Lieferkosten erscheinen bei Auftragsabschluss. Lieferungen in der Schweiz werden mit der Schweizer Post get\u00e4tigt. F\u00fcr Auftr\u00e4ge mit einem Wert weniger als&hellip;<\/p>\n","protected":false},"author":1,"featured_media":0,"parent":0,"menu_order":70,"comment_status":"closed","ping_status":"closed","template":"elementor_header_footer","meta":{"footnotes":""},"class_list":["post-51680","page","type-page","status-publish","hentry"],"yoast_head":"<!-- This site is optimized with the Yoast SEO plugin v27.3 - https:\/\/yoast.com\/product\/yoast-seo-wordpress\/ -->\n<title>VERSAND &amp; RETOUREN | Woolami<\/title>\n<meta name=\"robots\" content=\"index, follow, max-snippet:-1, max-image-preview:large, max-video-preview:-1\" \/>\n<link rel=\"canonical\" href=\"https:\/\/woolami.ch\/de\/versand-retouren\/\" \/>\n<meta property=\"og:locale\" content=\"de_DE\" \/>\n<meta property=\"og:type\" content=\"article\" \/>\n<meta property=\"og:title\" content=\"VERSAND &amp; RETOUREN | Woolami\" \/>\n<meta property=\"og:description\" content=\"VERSAND &#038; RETOUREN VERSANDOPTIONEN Es ist f\u00fcr uns sehr wichtig, dass Sie ein gutes Kauferlebnis haben, wenn Sie unsere Woolamiprodukte kaufen. SCHWEIZBei einem Auftragswert \u00fcber 100 CHF liefern wir innerhalb der Schweiz kostenlos. Die Lieferkosten erscheinen bei Auftragsabschluss. Lieferungen in der Schweiz werden mit der Schweizer Post get\u00e4tigt. F\u00fcr Auftr\u00e4ge mit einem Wert weniger als&hellip;\" \/>\n<meta property=\"og:url\" content=\"https:\/\/woolami.ch\/de\/versand-retouren\/\" \/>\n<meta property=\"og:site_name\" content=\"Woolami\" \/>\n<meta property=\"article:modified_time\" content=\"2022-01-06T10:23:05+00:00\" \/>\n<meta name=\"twitter:card\" content=\"summary_large_image\" \/>\n<meta name=\"twitter:label1\" content=\"Gesch\u00e4tzte Lesezeit\" \/>\n\t<meta name=\"twitter:data1\" content=\"2\u00a0Minuten\" \/>\n<script type=\"application\/ld+json\" class=\"yoast-schema-graph\">{\"@context\":\"https:\\\/\\\/schema.org\",\"@graph\":[{\"@type\":\"WebPage\",\"@id\":\"https:\\\/\\\/woolami.ch\\\/de\\\/versand-retouren\\\/\",\"url\":\"https:\\\/\\\/woolami.ch\\\/de\\\/versand-retouren\\\/\",\"name\":\"VERSAND & RETOUREN | Woolami\",\"isPartOf\":{\"@id\":\"https:\\\/\\\/woolami.ch\\\/de\\\/#website\"},\"datePublished\":\"2021-11-22T11:40:55+00:00\",\"dateModified\":\"2022-01-06T10:23:05+00:00\",\"breadcrumb\":{\"@id\":\"https:\\\/\\\/woolami.ch\\\/de\\\/versand-retouren\\\/#breadcrumb\"},\"inLanguage\":\"de\",\"potentialAction\":[{\"@type\":\"ReadAction\",\"target\":[\"https:\\\/\\\/woolami.ch\\\/de\\\/versand-retouren\\\/\"]}]},{\"@type\":\"BreadcrumbList\",\"@id\":\"https:\\\/\\\/woolami.ch\\\/de\\\/versand-retouren\\\/#breadcrumb\",\"itemListElement\":[{\"@type\":\"ListItem\",\"position\":1,\"name\":\"Accueil\",\"item\":\"https:\\\/\\\/woolami.ch\\\/de\\\/\"},{\"@type\":\"ListItem\",\"position\":2,\"name\":\"VERSAND &#038; RETOUREN\"}]},{\"@type\":\"WebSite\",\"@id\":\"https:\\\/\\\/woolami.ch\\\/de\\\/#website\",\"url\":\"https:\\\/\\\/woolami.ch\\\/de\\\/\",\"name\":\"Woolami\",\"description\":\"Visit the official Woolami online store. A Swiss clothing brand offering 100% Everyday Merino Wear for active children aged 0 to 8 years.\",\"publisher\":{\"@id\":\"https:\\\/\\\/woolami.ch\\\/de\\\/#organization\"},\"potentialAction\":[{\"@type\":\"SearchAction\",\"target\":{\"@type\":\"EntryPoint\",\"urlTemplate\":\"https:\\\/\\\/woolami.ch\\\/de\\\/?s={search_term_string}\"},\"query-input\":{\"@type\":\"PropertyValueSpecification\",\"valueRequired\":true,\"valueName\":\"search_term_string\"}}],\"inLanguage\":\"de\"},{\"@type\":\"Organization\",\"@id\":\"https:\\\/\\\/woolami.ch\\\/de\\\/#organization\",\"name\":\"Woolami\",\"url\":\"https:\\\/\\\/woolami.ch\\\/de\\\/\",\"logo\":{\"@type\":\"ImageObject\",\"inLanguage\":\"de\",\"@id\":\"https:\\\/\\\/woolami.ch\\\/de\\\/#\\\/schema\\\/logo\\\/image\\\/\",\"url\":\"https:\\\/\\\/woolami.ch\\\/wp-content\\\/uploads\\\/2021\\\/12\\\/cropped-cropped-Woolami_shop.jpg\",\"contentUrl\":\"https:\\\/\\\/woolami.ch\\\/wp-content\\\/uploads\\\/2021\\\/12\\\/cropped-cropped-Woolami_shop.jpg\",\"width\":512,\"height\":512,\"caption\":\"Woolami\"},\"image\":{\"@id\":\"https:\\\/\\\/woolami.ch\\\/de\\\/#\\\/schema\\\/logo\\\/image\\\/\"}}]}<\/script>\n<!-- \/ Yoast SEO plugin. -->","yoast_head_json":{"title":"VERSAND & RETOUREN | Woolami","robots":{"index":"index","follow":"follow","max-snippet":"max-snippet:-1","max-image-preview":"max-image-preview:large","max-video-preview":"max-video-preview:-1"},"canonical":"https:\/\/woolami.ch\/de\/versand-retouren\/","og_locale":"de_DE","og_type":"article","og_title":"VERSAND & RETOUREN | Woolami","og_description":"VERSAND &#038; RETOUREN VERSANDOPTIONEN Es ist f\u00fcr uns sehr wichtig, dass Sie ein gutes Kauferlebnis haben, wenn Sie unsere Woolamiprodukte kaufen. SCHWEIZBei einem Auftragswert \u00fcber 100 CHF liefern wir innerhalb der Schweiz kostenlos. Die Lieferkosten erscheinen bei Auftragsabschluss. Lieferungen in der Schweiz werden mit der Schweizer Post get\u00e4tigt. F\u00fcr Auftr\u00e4ge mit einem Wert weniger als&hellip;","og_url":"https:\/\/woolami.ch\/de\/versand-retouren\/","og_site_name":"Woolami","article_modified_time":"2022-01-06T10:23:05+00:00","twitter_card":"summary_large_image","twitter_misc":{"Gesch\u00e4tzte Lesezeit":"2\u00a0Minuten"},"schema":{"@context":"https:\/\/schema.org","@graph":[{"@type":"WebPage","@id":"https:\/\/woolami.ch\/de\/versand-retouren\/","url":"https:\/\/woolami.ch\/de\/versand-retouren\/","name":"VERSAND & RETOUREN | Woolami","isPartOf":{"@id":"https:\/\/woolami.ch\/de\/#website"},"datePublished":"2021-11-22T11:40:55+00:00","dateModified":"2022-01-06T10:23:05+00:00","breadcrumb":{"@id":"https:\/\/woolami.ch\/de\/versand-retouren\/#breadcrumb"},"inLanguage":"de","potentialAction":[{"@type":"ReadAction","target":["https:\/\/woolami.ch\/de\/versand-retouren\/"]}]},{"@type":"BreadcrumbList","@id":"https:\/\/woolami.ch\/de\/versand-retouren\/#breadcrumb","itemListElement":[{"@type":"ListItem","position":1,"name":"Accueil","item":"https:\/\/woolami.ch\/de\/"},{"@type":"ListItem","position":2,"name":"VERSAND &#038; RETOUREN"}]},{"@type":"WebSite","@id":"https:\/\/woolami.ch\/de\/#website","url":"https:\/\/woolami.ch\/de\/","name":"Woolami","description":"Visit the official Woolami online store. A Swiss clothing brand offering 100% Everyday Merino Wear for active children aged 0 to 8 years.","publisher":{"@id":"https:\/\/woolami.ch\/de\/#organization"},"potentialAction":[{"@type":"SearchAction","target":{"@type":"EntryPoint","urlTemplate":"https:\/\/woolami.ch\/de\/?s={search_term_string}"},"query-input":{"@type":"PropertyValueSpecification","valueRequired":true,"valueName":"search_term_string"}}],"inLanguage":"de"},{"@type":"Organization","@id":"https:\/\/woolami.ch\/de\/#organization","name":"Woolami","url":"https:\/\/woolami.ch\/de\/","logo":{"@type":"ImageObject","inLanguage":"de","@id":"https:\/\/woolami.ch\/de\/#\/schema\/logo\/image\/","url":"https:\/\/woolami.ch\/wp-content\/uploads\/2021\/12\/cropped-cropped-Woolami_shop.jpg","contentUrl":"https:\/\/woolami.ch\/wp-content\/uploads\/2021\/12\/cropped-cropped-Woolami_shop.jpg","width":512,"height":512,"caption":"Woolami"},"image":{"@id":"https:\/\/woolami.ch\/de\/#\/schema\/logo\/image\/"}}]}},"_links":{"self":[{"href":"https:\/\/woolami.ch\/de\/wp-json\/wp\/v2\/pages\/51680","targetHints":{"allow":["GET"]}}],"collection":[{"href":"https:\/\/woolami.ch\/de\/wp-json\/wp\/v2\/pages"}],"about":[{"href":"https:\/\/woolami.ch\/de\/wp-json\/wp\/v2\/types\/page"}],"author":[{"embeddable":true,"href":"https:\/\/woolami.ch\/de\/wp-json\/wp\/v2\/users\/1"}],"replies":[{"embeddable":true,"href":"https:\/\/woolami.ch\/de\/wp-json\/wp\/v2\/comments?post=51680"}],"version-history":[{"count":0,"href":"https:\/\/woolami.ch\/de\/wp-json\/wp\/v2\/pages\/51680\/revisions"}],"wp:attachment":[{"href":"https:\/\/woolami.ch\/de\/wp-json\/wp\/v2\/media?parent=51680"}],"curies":[{"name":"wp","href":"https:\/\/api.w.org\/{rel}","templated":true}]}}