{"id":52250,"date":"2021-11-25T17:28:22","date_gmt":"2021-11-25T16:28:22","guid":{"rendered":"https:\/\/woolami.ch\/?page_id=52250"},"modified":"2021-11-25T17:34:00","modified_gmt":"2021-11-25T16:34:00","slug":"mentions-legales","status":"publish","type":"page","link":"https:\/\/woolami.ch\/de\/mentions-legales\/","title":{"rendered":"MENTIONS L\u00c9GALES"},"content":{"rendered":"\t\t<div data-elementor-type=\"wp-page\" data-elementor-id=\"52250\" class=\"elementor elementor-52250\" data-elementor-post-type=\"page\">\n\t\t\t\t\t\t<section class=\"elementor-section elementor-top-section elementor-element elementor-element-07ae4f4 elementor-section-full_width elementor-reverse-tablet elementor-reverse-mobile elementor-section-height-min-height elementor-section-items-stretch elementor-section-content-middle elementor-section-height-default\" data-id=\"07ae4f4\" data-element_type=\"section\" data-e-type=\"section\" data-settings=\"{&quot;background_background&quot;:&quot;classic&quot;,&quot;jet_parallax_layout_list&quot;:[{&quot;jet_parallax_layout_image&quot;:{&quot;url&quot;:&quot;&quot;,&quot;id&quot;:&quot;&quot;,&quot;size&quot;:&quot;&quot;},&quot;_id&quot;:&quot;c4a8fb8&quot;,&quot;jet_parallax_layout_image_tablet&quot;:{&quot;url&quot;:&quot;&quot;,&quot;id&quot;:&quot;&quot;,&quot;size&quot;:&quot;&quot;},&quot;jet_parallax_layout_image_mobile&quot;:{&quot;url&quot;:&quot;&quot;,&quot;id&quot;:&quot;&quot;,&quot;size&quot;:&quot;&quot;},&quot;jet_parallax_layout_speed&quot;:{&quot;unit&quot;:&quot;%&quot;,&quot;size&quot;:50,&quot;sizes&quot;:[]},&quot;jet_parallax_layout_type&quot;:&quot;scroll&quot;,&quot;jet_parallax_layout_direction&quot;:&quot;1&quot;,&quot;jet_parallax_layout_fx_direction&quot;:null,&quot;jet_parallax_layout_z_index&quot;:&quot;&quot;,&quot;jet_parallax_layout_bg_x&quot;:50,&quot;jet_parallax_layout_bg_x_tablet&quot;:&quot;&quot;,&quot;jet_parallax_layout_bg_x_mobile&quot;:&quot;&quot;,&quot;jet_parallax_layout_bg_y&quot;:50,&quot;jet_parallax_layout_bg_y_tablet&quot;:&quot;&quot;,&quot;jet_parallax_layout_bg_y_mobile&quot;:&quot;&quot;,&quot;jet_parallax_layout_bg_size&quot;:&quot;auto&quot;,&quot;jet_parallax_layout_bg_size_tablet&quot;:&quot;&quot;,&quot;jet_parallax_layout_bg_size_mobile&quot;:&quot;&quot;,&quot;jet_parallax_layout_animation_prop&quot;:&quot;transform&quot;,&quot;jet_parallax_layout_on&quot;:[&quot;desktop&quot;,&quot;tablet&quot;]}]}\">\n\t\t\t\t\t\t<div class=\"elementor-container elementor-column-gap-no\">\n\t\t\t\t\t<div class=\"elementor-column elementor-col-100 elementor-top-column elementor-element elementor-element-a42557b\" data-id=\"a42557b\" data-element_type=\"column\" data-e-type=\"column\" data-settings=\"{&quot;background_background&quot;:&quot;classic&quot;}\">\n\t\t\t<div class=\"elementor-widget-wrap\">\n\t\t\t\t\t<div class=\"elementor-background-overlay\"><\/div>\n\t\t\t\t\t\t\t<\/div>\n\t\t<\/div>\n\t\t\t\t\t<\/div>\n\t\t<\/section>\n\t\t\t\t<section class=\"elementor-section elementor-top-section elementor-element elementor-element-56f71ff elementor-section-boxed elementor-section-height-default elementor-section-height-default\" data-id=\"56f71ff\" data-element_type=\"section\" data-e-type=\"section\" data-settings=\"{&quot;jet_parallax_layout_list&quot;:[{&quot;jet_parallax_layout_image&quot;:{&quot;url&quot;:&quot;&quot;,&quot;id&quot;:&quot;&quot;,&quot;size&quot;:&quot;&quot;},&quot;_id&quot;:&quot;990d94e&quot;,&quot;jet_parallax_layout_image_tablet&quot;:{&quot;url&quot;:&quot;&quot;,&quot;id&quot;:&quot;&quot;,&quot;size&quot;:&quot;&quot;},&quot;jet_parallax_layout_image_mobile&quot;:{&quot;url&quot;:&quot;&quot;,&quot;id&quot;:&quot;&quot;,&quot;size&quot;:&quot;&quot;},&quot;jet_parallax_layout_speed&quot;:{&quot;unit&quot;:&quot;%&quot;,&quot;size&quot;:50,&quot;sizes&quot;:[]},&quot;jet_parallax_layout_type&quot;:&quot;scroll&quot;,&quot;jet_parallax_layout_direction&quot;:&quot;1&quot;,&quot;jet_parallax_layout_fx_direction&quot;:null,&quot;jet_parallax_layout_z_index&quot;:&quot;&quot;,&quot;jet_parallax_layout_bg_x&quot;:50,&quot;jet_parallax_layout_bg_x_tablet&quot;:&quot;&quot;,&quot;jet_parallax_layout_bg_x_mobile&quot;:&quot;&quot;,&quot;jet_parallax_layout_bg_y&quot;:50,&quot;jet_parallax_layout_bg_y_tablet&quot;:&quot;&quot;,&quot;jet_parallax_layout_bg_y_mobile&quot;:&quot;&quot;,&quot;jet_parallax_layout_bg_size&quot;:&quot;auto&quot;,&quot;jet_parallax_layout_bg_size_tablet&quot;:&quot;&quot;,&quot;jet_parallax_layout_bg_size_mobile&quot;:&quot;&quot;,&quot;jet_parallax_layout_animation_prop&quot;:&quot;transform&quot;,&quot;jet_parallax_layout_on&quot;:[&quot;desktop&quot;,&quot;tablet&quot;]}]}\">\n\t\t\t\t\t\t<div class=\"elementor-container elementor-column-gap-wider\">\n\t\t\t\t\t<div class=\"elementor-column elementor-col-50 elementor-top-column elementor-element elementor-element-7cdc4b5\" data-id=\"7cdc4b5\" data-element_type=\"column\" data-e-type=\"column\">\n\t\t\t<div class=\"elementor-widget-wrap elementor-element-populated\">\n\t\t\t\t\t\t<div class=\"elementor-element elementor-element-6a1a9e8 elementor-widget elementor-widget-wp-widget-nav_menu\" data-id=\"6a1a9e8\" data-element_type=\"widget\" data-e-type=\"widget\" data-widget_type=\"wp-widget-nav_menu.default\">\n\t\t\t\t<div class=\"elementor-widget-container\">\n\t\t\t\t\t<div class=\"menu-info-container\"><ul id=\"menu-info\" class=\"menu\"><li id=\"menu-item-52301\" class=\"menu-item menu-item-type-post_type menu-item-object-page menu-item-52301\"><a href=\"https:\/\/woolami.ch\/notre-histoire\/\">\u00dcBER UNS<\/a><\/li>\n<li id=\"menu-item-52274\" class=\"menu-item menu-item-type-post_type menu-item-object-page menu-item-52274\"><a href=\"https:\/\/woolami.ch\/blog-2\/\">Blog<\/a><\/li>\n<li id=\"menu-item-52277\" class=\"menu-item menu-item-type-post_type menu-item-object-page menu-item-52277\"><a href=\"https:\/\/woolami.ch\/livraison-retours\/\">VERSAND &#038; RETOUREN<\/a><\/li>\n<li id=\"menu-item-52275\" class=\"menu-item menu-item-type-post_type menu-item-object-page menu-item-52275\"><a href=\"https:\/\/woolami.ch\/contact\/\">KONTAKT<\/a><\/li>\n<\/ul><\/div>\t\t\t\t<\/div>\n\t\t\t\t<\/div>\n\t\t\t\t\t<\/div>\n\t\t<\/div>\n\t\t\t\t<div class=\"elementor-column elementor-col-50 elementor-top-column elementor-element elementor-element-a1a3176\" data-id=\"a1a3176\" data-element_type=\"column\" data-e-type=\"column\">\n\t\t\t<div class=\"elementor-widget-wrap elementor-element-populated\">\n\t\t\t\t\t\t<div class=\"elementor-element elementor-element-833d1e9 icon-position-top content-align-left icon-box-vertical-align-top icon-vertical-align-start elementor-widget elementor-widget-the7_icon_box_widget\" data-id=\"833d1e9\" data-element_type=\"widget\" data-e-type=\"widget\" data-widget_type=\"the7_icon_box_widget.default\">\n\t\t\t\t<div class=\"elementor-widget-container\">\n\t\t\t\t\t\n\t\t<div class=\"the7-box-wrapper the7-elementor-widget the7_icon_box_widget-833d1e9\">\t\t\t<div class=\"box-content-wrapper\">\n\t\t\t\t\t\t\t\t\t<a class=\"elementor-icon-div\" >\t\t\t\t\t\t<div class=\"elementor-icon\">\n\t\t\t\t\t\t\t\t\t\t\t\t\t<\/div>\n\t\t\t\t\t<\/a>\t\t\t\t\t\t\t\t<div class=\"box-content\">\n\t\t\t\t\t\t\t\t\t\t\t\t\t\t\t\t\t<h3 class=\"box-heading\">\n\t\t\t\t\t\t\t<a >\t\t\t\t\t\t\t\tIMPRESSUM\t\t\t\t\t\t\t<\/a>\t\t\t\t\t\t<\/h3>\n\t\t\t\t\t\t\t\t\t\t\t\t\t\t\t\t<div class=\"box-description\"><p>Unsere Firma:<br \/>Scandinavique S\u00e0rl \u2013 Marke\u00a0Woolami (\u201cWoolami\u201d im folgenden)<br \/>Chemin Tr\u00e9pomy 3B<br \/>1299 Crans-pr\u00e8s-C\u00e9ligny<br \/>Tel: +41 79\u00a0727 15 64<br \/>Email: hello@woolami.com<\/p><p>Handelsregister no. CHE \u2013 221.881.170<\/p><\/div>\n\t\t\t\t\t\n\t\t\t\t\t\n\t\t\t\t<\/div>\n\t\t\t<\/div>\n\t\t<\/div>\t\t\t\t\t<\/div>\n\t\t\t\t<\/div>\n\t\t\t\t<div class=\"elementor-element elementor-element-203da40 elementor-widget elementor-widget-text-editor\" data-id=\"203da40\" data-element_type=\"widget\" data-e-type=\"widget\" data-widget_type=\"text-editor.default\">\n\t\t\t\t<div class=\"elementor-widget-container\">\n\t\t\t\t\t\t\t\t\t<p>Alle Lieferungen und Leistungen von Woolami sind gem\u00e4ss unseren Verkaufsbedingungen. Sobald Sie Ihren Auftrag best\u00e4tigt haben, ist er juristisch bindend.<\/p><p><strong><span style=\"text-decoration: underline;\">Liefergebiet<\/span><\/strong><br \/>We liefern \u00fcberall in der Schweiz und in den meisten EU-l\u00e4ndern.<\/p><p><strong><span style=\"text-decoration: underline;\">Lieferzeit<\/span><\/strong><br \/>Lieferungen erfolgen normalerweise innerhalb von 5-7 Werktagen. Sollte ein Artikel im Lager nich verf\u00fcgbar sein, werden wir Ihnen m\u00f6glichst bald das erwartete Versanddatum mitteilen.<\/p><p><strong><span style=\"text-decoration: underline;\">Minimaler Auftragswert<\/span><\/strong><br \/>Es gibt keinen minimalen Auftragswert.<\/p><p><strong><span style=\"text-decoration: underline;\">Ihr Konto<\/span><\/strong><br \/>Wenn Sie Waren von www.woolami.ch bestellen, wird ein Konto f\u00fcr die Auftragserledigung er\u00f6ffnet. Sie sind selber f\u00fcr das vertrauliche Passwort verantwortlich.<\/p><p><span style=\"text-decoration: underline;\"><strong>Lieferung<\/strong><\/span><br \/>Wir wollen zufriedene Kunden haben. Wir machen das \u00c4usserste, damit Ihre Waren zuverl\u00e4ssig und in gutem Zustand ankommen. Sie bezahlen Versandkosten nur einmal, und diese werden automatisch berechnet, wenn Sie den Auftrag abgeben. F\u00fcr Auftr\u00e4ge \u00fcber 100 CHF\/100 EUR werden keine Versandkosten verrechnet.<\/p><p><strong><span style=\"text-decoration: underline;\">Preise<\/span><\/strong><br \/>Alle Preise sind in Schweizer Franken (CHF) und Euro (EUR), einschl. Mehrwertsteuer.<\/p><p><strong><span style=\"text-decoration: underline;\">Zahlungsmodus<\/span><\/strong><br \/>Sie k\u00f6nnen mit PostFinance Karte, PayPal, TWINT oder Kreditkarte (Mastercard, Visa) bezahlen. Lieferungen werden nach Erhalt der Zahlung get\u00e4tigt. Die Waren verbleiben Woolami\u2019s Eigentum bis die volle Zahlung der Waren erhalten ist.<\/p><p><strong><span style=\"text-decoration: underline;\">Reklamationen<\/span><\/strong><br \/>Reklamationen betr. Produktdefekte oder unvollst\u00e4ndige oder fehlerhafte Lieferungen k\u00f6nnen bis 20 Tage nach Fakturadatum gemeldet werden.<\/p><p><strong><span style=\"text-decoration: underline;\">R\u00fccknahmegarantie<\/span><\/strong><br \/>Wir w\u00fcnschen, dass unsere Kunden mit dem Kauf vollst\u00e4ndig zufrieden sind. Aus diesem Grund bieten wir eine 100% Zufriedenheitsgarantie an. Wenn Sie mit unserem Produkt nich vollst\u00e4ndig zufrieden sind, kann das Produkte innert 20 Tagen nach Fakturadatum retourniert werden. Wir erwarten lediglich, dass das Wollami-produkt in dem Zustand zur\u00fcckkommt, wie es uns verlassen hat.<\/p><p>Wenn sie eine Ware retournieren wollen, bitte uns einen email an hello@woolami.com senden, und wir werden Ihnen die n\u00f6tigen Instruktionen mitteilen.<\/p><p><strong><span style=\"text-decoration: underline;\">Datenschutz<\/span><\/strong><br \/>Alle gefragte pers\u00f6nliche Daten werden vertraulich gelagert.\u00a0\u00a0Kreditkarteinformationen werden von unserem Servicepartner, PostFinance, verarbeitet, und wir haben zu keinem Zeitpunkt zu diesen Informationen Zugang.<\/p><p><strong><u>Kontakt<\/u><\/strong><br \/>Woolami<br \/>(Scandinavique S\u00e0rl)<br \/>Chemin Tr\u00e9pomy 3B<br \/>1299 Crans-pr\u00e8s-C\u00e9ligny<br \/>Email: hello@woolami.com<\/p><p>Rechtssitz und anwendbares Recht<br \/>Scandinavique (Besitzer der\u00a0Woolamimarke) ist eine schweizerische Firma und unterliegt somit die schweizerische Gesetzgebung.<\/p><p>Nur die englische Version der Verkaufsbedingungen ist f\u00fcr die Firma bindend.<\/p>\t\t\t\t\t\t\t\t<\/div>\n\t\t\t\t<\/div>\n\t\t\t\t\t<\/div>\n\t\t<\/div>\n\t\t\t\t\t<\/div>\n\t\t<\/section>\n\t\t\t\t<\/div>\n\t\t","protected":false},"excerpt":{"rendered":"<p>IMPRESSUM Unsere Firma:Scandinavique S\u00e0rl \u2013 Marke\u00a0Woolami (\u201cWoolami\u201d im folgenden)Chemin Tr\u00e9pomy 3B1299 Crans-pr\u00e8s-C\u00e9lignyTel: +41 79\u00a0727 15 64Email: hello@woolami.com Handelsregister no. CHE \u2013 221.881.170 Alle Lieferungen und Leistungen von Woolami sind gem\u00e4ss unseren Verkaufsbedingungen. Sobald Sie Ihren Auftrag best\u00e4tigt haben, ist er juristisch bindend. LiefergebietWe liefern \u00fcberall in der Schweiz und in den meisten EU-l\u00e4ndern. LieferzeitLieferungen erfolgen&hellip;<\/p>\n","protected":false},"author":1,"featured_media":0,"parent":0,"menu_order":0,"comment_status":"closed","ping_status":"closed","template":"elementor_header_footer","meta":{"footnotes":""},"class_list":["post-52250","page","type-page","status-publish","hentry"],"yoast_head":"<!-- This site is optimized with the Yoast SEO plugin v27.3 - https:\/\/yoast.com\/product\/yoast-seo-wordpress\/ -->\n<title>MENTIONS L\u00c9GALES | Woolami<\/title>\n<meta name=\"robots\" content=\"index, follow, max-snippet:-1, max-image-preview:large, max-video-preview:-1\" \/>\n<link rel=\"canonical\" href=\"https:\/\/woolami.ch\/de\/mentions-legales\/\" \/>\n<meta property=\"og:locale\" content=\"de_DE\" \/>\n<meta property=\"og:type\" content=\"article\" \/>\n<meta property=\"og:title\" content=\"MENTIONS L\u00c9GALES | Woolami\" \/>\n<meta property=\"og:description\" content=\"IMPRESSUM Unsere Firma:Scandinavique S\u00e0rl \u2013 Marke\u00a0Woolami (\u201cWoolami\u201d im folgenden)Chemin Tr\u00e9pomy 3B1299 Crans-pr\u00e8s-C\u00e9lignyTel: +41 79\u00a0727 15 64Email: hello@woolami.com Handelsregister no. CHE \u2013 221.881.170 Alle Lieferungen und Leistungen von Woolami sind gem\u00e4ss unseren Verkaufsbedingungen. Sobald Sie Ihren Auftrag best\u00e4tigt haben, ist er juristisch bindend. LiefergebietWe liefern \u00fcberall in der Schweiz und in den meisten EU-l\u00e4ndern. LieferzeitLieferungen erfolgen&hellip;\" \/>\n<meta property=\"og:url\" content=\"https:\/\/woolami.ch\/de\/mentions-legales\/\" \/>\n<meta property=\"og:site_name\" content=\"Woolami\" \/>\n<meta property=\"article:modified_time\" content=\"2021-11-25T16:34:00+00:00\" \/>\n<meta name=\"twitter:card\" content=\"summary_large_image\" \/>\n<meta name=\"twitter:label1\" content=\"Gesch\u00e4tzte Lesezeit\" \/>\n\t<meta name=\"twitter:data1\" content=\"2\u00a0Minuten\" \/>\n<script type=\"application\/ld+json\" class=\"yoast-schema-graph\">{\"@context\":\"https:\\\/\\\/schema.org\",\"@graph\":[{\"@type\":\"WebPage\",\"@id\":\"https:\\\/\\\/woolami.ch\\\/de\\\/mentions-legales\\\/\",\"url\":\"https:\\\/\\\/woolami.ch\\\/de\\\/mentions-legales\\\/\",\"name\":\"MENTIONS L\u00c9GALES | Woolami\",\"isPartOf\":{\"@id\":\"https:\\\/\\\/woolami.ch\\\/de\\\/#website\"},\"datePublished\":\"2021-11-25T16:28:22+00:00\",\"dateModified\":\"2021-11-25T16:34:00+00:00\",\"breadcrumb\":{\"@id\":\"https:\\\/\\\/woolami.ch\\\/de\\\/mentions-legales\\\/#breadcrumb\"},\"inLanguage\":\"de\",\"potentialAction\":[{\"@type\":\"ReadAction\",\"target\":[\"https:\\\/\\\/woolami.ch\\\/de\\\/mentions-legales\\\/\"]}]},{\"@type\":\"BreadcrumbList\",\"@id\":\"https:\\\/\\\/woolami.ch\\\/de\\\/mentions-legales\\\/#breadcrumb\",\"itemListElement\":[{\"@type\":\"ListItem\",\"position\":1,\"name\":\"Accueil\",\"item\":\"https:\\\/\\\/woolami.ch\\\/de\\\/\"},{\"@type\":\"ListItem\",\"position\":2,\"name\":\"MENTIONS L\u00c9GALES\"}]},{\"@type\":\"WebSite\",\"@id\":\"https:\\\/\\\/woolami.ch\\\/de\\\/#website\",\"url\":\"https:\\\/\\\/woolami.ch\\\/de\\\/\",\"name\":\"Woolami\",\"description\":\"Visit the official Woolami online store. A Swiss clothing brand offering 100% Everyday Merino Wear for active children aged 0 to 8 years.\",\"publisher\":{\"@id\":\"https:\\\/\\\/woolami.ch\\\/de\\\/#organization\"},\"potentialAction\":[{\"@type\":\"SearchAction\",\"target\":{\"@type\":\"EntryPoint\",\"urlTemplate\":\"https:\\\/\\\/woolami.ch\\\/de\\\/?s={search_term_string}\"},\"query-input\":{\"@type\":\"PropertyValueSpecification\",\"valueRequired\":true,\"valueName\":\"search_term_string\"}}],\"inLanguage\":\"de\"},{\"@type\":\"Organization\",\"@id\":\"https:\\\/\\\/woolami.ch\\\/de\\\/#organization\",\"name\":\"Woolami\",\"url\":\"https:\\\/\\\/woolami.ch\\\/de\\\/\",\"logo\":{\"@type\":\"ImageObject\",\"inLanguage\":\"de\",\"@id\":\"https:\\\/\\\/woolami.ch\\\/de\\\/#\\\/schema\\\/logo\\\/image\\\/\",\"url\":\"https:\\\/\\\/woolami.ch\\\/wp-content\\\/uploads\\\/2021\\\/12\\\/cropped-cropped-Woolami_shop.jpg\",\"contentUrl\":\"https:\\\/\\\/woolami.ch\\\/wp-content\\\/uploads\\\/2021\\\/12\\\/cropped-cropped-Woolami_shop.jpg\",\"width\":512,\"height\":512,\"caption\":\"Woolami\"},\"image\":{\"@id\":\"https:\\\/\\\/woolami.ch\\\/de\\\/#\\\/schema\\\/logo\\\/image\\\/\"}}]}<\/script>\n<!-- \/ Yoast SEO plugin. -->","yoast_head_json":{"title":"MENTIONS L\u00c9GALES | Woolami","robots":{"index":"index","follow":"follow","max-snippet":"max-snippet:-1","max-image-preview":"max-image-preview:large","max-video-preview":"max-video-preview:-1"},"canonical":"https:\/\/woolami.ch\/de\/mentions-legales\/","og_locale":"de_DE","og_type":"article","og_title":"MENTIONS L\u00c9GALES | Woolami","og_description":"IMPRESSUM Unsere Firma:Scandinavique S\u00e0rl \u2013 Marke\u00a0Woolami (\u201cWoolami\u201d im folgenden)Chemin Tr\u00e9pomy 3B1299 Crans-pr\u00e8s-C\u00e9lignyTel: +41 79\u00a0727 15 64Email: hello@woolami.com Handelsregister no. CHE \u2013 221.881.170 Alle Lieferungen und Leistungen von Woolami sind gem\u00e4ss unseren Verkaufsbedingungen. Sobald Sie Ihren Auftrag best\u00e4tigt haben, ist er juristisch bindend. LiefergebietWe liefern \u00fcberall in der Schweiz und in den meisten EU-l\u00e4ndern. LieferzeitLieferungen erfolgen&hellip;","og_url":"https:\/\/woolami.ch\/de\/mentions-legales\/","og_site_name":"Woolami","article_modified_time":"2021-11-25T16:34:00+00:00","twitter_card":"summary_large_image","twitter_misc":{"Gesch\u00e4tzte Lesezeit":"2\u00a0Minuten"},"schema":{"@context":"https:\/\/schema.org","@graph":[{"@type":"WebPage","@id":"https:\/\/woolami.ch\/de\/mentions-legales\/","url":"https:\/\/woolami.ch\/de\/mentions-legales\/","name":"MENTIONS L\u00c9GALES | Woolami","isPartOf":{"@id":"https:\/\/woolami.ch\/de\/#website"},"datePublished":"2021-11-25T16:28:22+00:00","dateModified":"2021-11-25T16:34:00+00:00","breadcrumb":{"@id":"https:\/\/woolami.ch\/de\/mentions-legales\/#breadcrumb"},"inLanguage":"de","potentialAction":[{"@type":"ReadAction","target":["https:\/\/woolami.ch\/de\/mentions-legales\/"]}]},{"@type":"BreadcrumbList","@id":"https:\/\/woolami.ch\/de\/mentions-legales\/#breadcrumb","itemListElement":[{"@type":"ListItem","position":1,"name":"Accueil","item":"https:\/\/woolami.ch\/de\/"},{"@type":"ListItem","position":2,"name":"MENTIONS L\u00c9GALES"}]},{"@type":"WebSite","@id":"https:\/\/woolami.ch\/de\/#website","url":"https:\/\/woolami.ch\/de\/","name":"Woolami","description":"Visit the official Woolami online store. A Swiss clothing brand offering 100% Everyday Merino Wear for active children aged 0 to 8 years.","publisher":{"@id":"https:\/\/woolami.ch\/de\/#organization"},"potentialAction":[{"@type":"SearchAction","target":{"@type":"EntryPoint","urlTemplate":"https:\/\/woolami.ch\/de\/?s={search_term_string}"},"query-input":{"@type":"PropertyValueSpecification","valueRequired":true,"valueName":"search_term_string"}}],"inLanguage":"de"},{"@type":"Organization","@id":"https:\/\/woolami.ch\/de\/#organization","name":"Woolami","url":"https:\/\/woolami.ch\/de\/","logo":{"@type":"ImageObject","inLanguage":"de","@id":"https:\/\/woolami.ch\/de\/#\/schema\/logo\/image\/","url":"https:\/\/woolami.ch\/wp-content\/uploads\/2021\/12\/cropped-cropped-Woolami_shop.jpg","contentUrl":"https:\/\/woolami.ch\/wp-content\/uploads\/2021\/12\/cropped-cropped-Woolami_shop.jpg","width":512,"height":512,"caption":"Woolami"},"image":{"@id":"https:\/\/woolami.ch\/de\/#\/schema\/logo\/image\/"}}]}},"_links":{"self":[{"href":"https:\/\/woolami.ch\/de\/wp-json\/wp\/v2\/pages\/52250","targetHints":{"allow":["GET"]}}],"collection":[{"href":"https:\/\/woolami.ch\/de\/wp-json\/wp\/v2\/pages"}],"about":[{"href":"https:\/\/woolami.ch\/de\/wp-json\/wp\/v2\/types\/page"}],"author":[{"embeddable":true,"href":"https:\/\/woolami.ch\/de\/wp-json\/wp\/v2\/users\/1"}],"replies":[{"embeddable":true,"href":"https:\/\/woolami.ch\/de\/wp-json\/wp\/v2\/comments?post=52250"}],"version-history":[{"count":0,"href":"https:\/\/woolami.ch\/de\/wp-json\/wp\/v2\/pages\/52250\/revisions"}],"wp:attachment":[{"href":"https:\/\/woolami.ch\/de\/wp-json\/wp\/v2\/media?parent=52250"}],"curies":[{"name":"wp","href":"https:\/\/api.w.org\/{rel}","templated":true}]}}