{"id":54159,"date":"2021-12-02T14:24:41","date_gmt":"2021-12-02T13:24:42","guid":{"rendered":"https:\/\/woolami.ch\/?post_type=product&#038;p=54159"},"modified":"2022-11-17T11:56:56","modified_gmt":"2022-11-17T10:56:56","slug":"gentianes-merino-wool-neckwarmer-blue","status":"publish","type":"product","link":"https:\/\/woolami.ch\/de\/produkt\/gentianes-merino-wool-neckwarmer-blue\/","title":{"rendered":"GENTIANES MERINO WOOL NECKWARMER BLUE"},"content":{"rendered":"<ul>\n<li class=\"li1\">Entwickelt f\u00fcr den t\u00e4glichen Gebrauch \u2013 sei es auf dem Spielplatz oder auf dem Gipfel eines Berges!<\/li>\n<li class=\"li1\">Hergestellt aus superweicher, nicht kratzender Merinowolle\u00a0 \u2013\u00a0 die perfekte erste Schicht direkt auf der Haut<\/li>\n<li class=\"li1\">Temperaturausgleichend und Feuchtigkeitsregulierend<\/li>\n<li class=\"li1\">Pflegeleicht<\/li>\n<li class=\"li1\">Zarte Lochmuster im Schneeflockendesign<\/li>\n<li class=\"li1\">Maschinenwaschbar<\/li>\n<li class=\"li1\">In Europa produziert<\/li>\n<li>Erh\u00e4ltlich in 3 verschiedenen Farben<\/li>\n<li>Mulesing Frei<\/li>\n<\/ul>\n<p>Lesen Sie mehr \u00fcber die Vorteile der Merinowolle <a href=\"https:\/\/woolami.ch\/de\/why-merino-wool\/\">hier<\/a><\/p>\n<p>&nbsp;<\/p>\n<p><a href=\"https:\/\/woolami.ch\/de\/delivery-returns\/\">R\u00fccknahmegarantie<\/a><\/p>\n<p>F\u00fcr uns ist es wichtig, dass Sie mit Ihrem Einkauf zufrieden sind. Deswegen bietet Woolami eine &#8216;100% Zufriedenheitsgarantie&#8217; an. Wenn Sie von einem Produkt nicht vollst\u00e4ndig \u00fcberzeugt sind, k\u00f6nnen Sie innerhalb von 20 Tagen die Ware zur\u00fccksenden und bekommen den vollen Kaufpreis zur\u00fcckerstattet oder wir tauschen die Farbe\/Gr\u00f6sse um. Lesen Sie bitte <a href=\"https:\/\/woolami.ch\/de\/delivery-returns\/\">hier<\/a> die Details unserer R\u00fccknahmegarantie.<\/p>\n","protected":false},"excerpt":{"rendered":"<p>Ein superweicher Nackenw\u00e4rmer, perfekt f\u00fcr kalte Wintertage!<\/p>\n","protected":false},"featured_media":58026,"comment_status":"closed","ping_status":"closed","template":"","meta":[],"product_brand":[],"product_cat":[445,432,438,434,440],"product_tag":[],"class_list":{"0":"post-54159","1":"product","2":"type-product","3":"status-publish","4":"has-post-thumbnail","6":"product_cat-accessoires","7":"product_cat-babies-de","8":"product_cat-kids-de","9":"product_cat-mens-de","10":"product_cat-women-de","11":"description-off","13":"first","14":"instock","15":"shipping-taxable","16":"purchasable","17":"product-type-variable"},"yoast_head":"<!-- This site is optimized with the Yoast SEO plugin v27.4 - https:\/\/yoast.com\/product\/yoast-seo-wordpress\/ -->\n<title>GENTIANES MERINO WOOL NECKWARMER BLUE | Woolami<\/title>\n<meta name=\"robots\" content=\"index, follow, max-snippet:-1, max-image-preview:large, max-video-preview:-1\" \/>\n<link rel=\"canonical\" href=\"https:\/\/woolami.ch\/de\/produkt\/gentianes-merino-wool-neckwarmer-blue\/\" \/>\n<meta property=\"og:locale\" content=\"de_DE\" \/>\n<meta property=\"og:type\" content=\"article\" \/>\n<meta property=\"og:title\" content=\"GENTIANES MERINO WOOL NECKWARMER BLUE | Woolami\" \/>\n<meta property=\"og:description\" content=\"Ein superweicher Nackenw\u00e4rmer, perfekt f\u00fcr kalte Wintertage!\" \/>\n<meta property=\"og:url\" content=\"https:\/\/woolami.ch\/de\/produkt\/gentianes-merino-wool-neckwarmer-blue\/\" \/>\n<meta property=\"og:site_name\" content=\"Woolami\" \/>\n<meta property=\"article:modified_time\" content=\"2022-11-17T10:56:56+00:00\" \/>\n<meta property=\"og:image\" content=\"https:\/\/woolami.ch\/wp-content\/uploads\/2021\/12\/3-neckwarmer-blue-1-scaled.webp\" \/>\n\t<meta property=\"og:image:width\" content=\"2560\" \/>\n\t<meta property=\"og:image:height\" content=\"2560\" \/>\n\t<meta property=\"og:image:type\" content=\"image\/jpeg\" \/>\n<meta name=\"twitter:card\" content=\"summary_large_image\" \/>\n<meta name=\"twitter:label1\" content=\"Gesch\u00e4tzte Lesezeit\" \/>\n\t<meta name=\"twitter:data1\" content=\"1\u00a0Minute\" \/>\n<script type=\"application\/ld+json\" class=\"yoast-schema-graph\">{\"@context\":\"https:\\\/\\\/schema.org\",\"@graph\":[{\"@type\":\"WebPage\",\"@id\":\"https:\\\/\\\/woolami.ch\\\/de\\\/produkt\\\/gentianes-merino-wool-neckwarmer-blue\\\/\",\"url\":\"https:\\\/\\\/woolami.ch\\\/de\\\/produkt\\\/gentianes-merino-wool-neckwarmer-blue\\\/\",\"name\":\"GENTIANES MERINO WOOL NECKWARMER BLUE | Woolami\",\"isPartOf\":{\"@id\":\"https:\\\/\\\/woolami.ch\\\/de\\\/#website\"},\"primaryImageOfPage\":{\"@id\":\"https:\\\/\\\/woolami.ch\\\/de\\\/produkt\\\/gentianes-merino-wool-neckwarmer-blue\\\/#primaryimage\"},\"image\":{\"@id\":\"https:\\\/\\\/woolami.ch\\\/de\\\/produkt\\\/gentianes-merino-wool-neckwarmer-blue\\\/#primaryimage\"},\"thumbnailUrl\":\"https:\\\/\\\/woolami.ch\\\/wp-content\\\/uploads\\\/2021\\\/12\\\/3-neckwarmer-blue-1-scaled.webp\",\"datePublished\":\"2021-12-02T13:24:42+00:00\",\"dateModified\":\"2022-11-17T10:56:56+00:00\",\"breadcrumb\":{\"@id\":\"https:\\\/\\\/woolami.ch\\\/de\\\/produkt\\\/gentianes-merino-wool-neckwarmer-blue\\\/#breadcrumb\"},\"inLanguage\":\"de\",\"potentialAction\":[{\"@type\":\"ReadAction\",\"target\":[\"https:\\\/\\\/woolami.ch\\\/de\\\/produkt\\\/gentianes-merino-wool-neckwarmer-blue\\\/\"]}]},{\"@type\":\"ImageObject\",\"inLanguage\":\"de\",\"@id\":\"https:\\\/\\\/woolami.ch\\\/de\\\/produkt\\\/gentianes-merino-wool-neckwarmer-blue\\\/#primaryimage\",\"url\":\"https:\\\/\\\/woolami.ch\\\/wp-content\\\/uploads\\\/2021\\\/12\\\/3-neckwarmer-blue-1-scaled.webp\",\"contentUrl\":\"https:\\\/\\\/woolami.ch\\\/wp-content\\\/uploads\\\/2021\\\/12\\\/3-neckwarmer-blue-1-scaled.webp\",\"width\":2560,\"height\":2560},{\"@type\":\"BreadcrumbList\",\"@id\":\"https:\\\/\\\/woolami.ch\\\/de\\\/produkt\\\/gentianes-merino-wool-neckwarmer-blue\\\/#breadcrumb\",\"itemListElement\":[{\"@type\":\"ListItem\",\"position\":1,\"name\":\"Accueil\",\"item\":\"https:\\\/\\\/woolami.ch\\\/de\\\/\"},{\"@type\":\"ListItem\",\"position\":2,\"name\":\"Shop\",\"item\":\"https:\\\/\\\/woolami.ch\\\/de\\\/shop-4\\\/\"},{\"@type\":\"ListItem\",\"position\":3,\"name\":\"GENTIANES MERINO WOOL NECKWARMER BLUE\"}]},{\"@type\":\"WebSite\",\"@id\":\"https:\\\/\\\/woolami.ch\\\/de\\\/#website\",\"url\":\"https:\\\/\\\/woolami.ch\\\/de\\\/\",\"name\":\"Woolami\",\"description\":\"Visit the official Woolami online store. A Swiss clothing brand offering 100% Everyday Merino Wear for active children aged 0 to 8 years.\",\"publisher\":{\"@id\":\"https:\\\/\\\/woolami.ch\\\/de\\\/#organization\"},\"potentialAction\":[{\"@type\":\"SearchAction\",\"target\":{\"@type\":\"EntryPoint\",\"urlTemplate\":\"https:\\\/\\\/woolami.ch\\\/de\\\/?s={search_term_string}\"},\"query-input\":{\"@type\":\"PropertyValueSpecification\",\"valueRequired\":true,\"valueName\":\"search_term_string\"}}],\"inLanguage\":\"de\"},{\"@type\":\"Organization\",\"@id\":\"https:\\\/\\\/woolami.ch\\\/de\\\/#organization\",\"name\":\"Woolami\",\"url\":\"https:\\\/\\\/woolami.ch\\\/de\\\/\",\"logo\":{\"@type\":\"ImageObject\",\"inLanguage\":\"de\",\"@id\":\"https:\\\/\\\/woolami.ch\\\/de\\\/#\\\/schema\\\/logo\\\/image\\\/\",\"url\":\"https:\\\/\\\/woolami.ch\\\/wp-content\\\/uploads\\\/2021\\\/12\\\/cropped-cropped-Woolami_shop.jpg\",\"contentUrl\":\"https:\\\/\\\/woolami.ch\\\/wp-content\\\/uploads\\\/2021\\\/12\\\/cropped-cropped-Woolami_shop.jpg\",\"width\":512,\"height\":512,\"caption\":\"Woolami\"},\"image\":{\"@id\":\"https:\\\/\\\/woolami.ch\\\/de\\\/#\\\/schema\\\/logo\\\/image\\\/\"}}]}<\/script>\n<!-- \/ Yoast SEO plugin. -->","yoast_head_json":{"title":"GENTIANES MERINO WOOL NECKWARMER BLUE | Woolami","robots":{"index":"index","follow":"follow","max-snippet":"max-snippet:-1","max-image-preview":"max-image-preview:large","max-video-preview":"max-video-preview:-1"},"canonical":"https:\/\/woolami.ch\/de\/produkt\/gentianes-merino-wool-neckwarmer-blue\/","og_locale":"de_DE","og_type":"article","og_title":"GENTIANES MERINO WOOL NECKWARMER BLUE | Woolami","og_description":"Ein superweicher Nackenw\u00e4rmer, perfekt f\u00fcr kalte Wintertage!","og_url":"https:\/\/woolami.ch\/de\/produkt\/gentianes-merino-wool-neckwarmer-blue\/","og_site_name":"Woolami","article_modified_time":"2022-11-17T10:56:56+00:00","og_image":[{"width":2560,"height":2560,"url":"https:\/\/woolami.ch\/wp-content\/uploads\/2021\/12\/3-neckwarmer-blue-1-scaled.webp","type":"image\/jpeg"}],"twitter_card":"summary_large_image","twitter_misc":{"Gesch\u00e4tzte Lesezeit":"1\u00a0Minute"},"schema":{"@context":"https:\/\/schema.org","@graph":[{"@type":"WebPage","@id":"https:\/\/woolami.ch\/de\/produkt\/gentianes-merino-wool-neckwarmer-blue\/","url":"https:\/\/woolami.ch\/de\/produkt\/gentianes-merino-wool-neckwarmer-blue\/","name":"GENTIANES MERINO WOOL NECKWARMER BLUE | Woolami","isPartOf":{"@id":"https:\/\/woolami.ch\/de\/#website"},"primaryImageOfPage":{"@id":"https:\/\/woolami.ch\/de\/produkt\/gentianes-merino-wool-neckwarmer-blue\/#primaryimage"},"image":{"@id":"https:\/\/woolami.ch\/de\/produkt\/gentianes-merino-wool-neckwarmer-blue\/#primaryimage"},"thumbnailUrl":"https:\/\/woolami.ch\/wp-content\/uploads\/2021\/12\/3-neckwarmer-blue-1-scaled.webp","datePublished":"2021-12-02T13:24:42+00:00","dateModified":"2022-11-17T10:56:56+00:00","breadcrumb":{"@id":"https:\/\/woolami.ch\/de\/produkt\/gentianes-merino-wool-neckwarmer-blue\/#breadcrumb"},"inLanguage":"de","potentialAction":[{"@type":"ReadAction","target":["https:\/\/woolami.ch\/de\/produkt\/gentianes-merino-wool-neckwarmer-blue\/"]}]},{"@type":"ImageObject","inLanguage":"de","@id":"https:\/\/woolami.ch\/de\/produkt\/gentianes-merino-wool-neckwarmer-blue\/#primaryimage","url":"https:\/\/woolami.ch\/wp-content\/uploads\/2021\/12\/3-neckwarmer-blue-1-scaled.webp","contentUrl":"https:\/\/woolami.ch\/wp-content\/uploads\/2021\/12\/3-neckwarmer-blue-1-scaled.webp","width":2560,"height":2560},{"@type":"BreadcrumbList","@id":"https:\/\/woolami.ch\/de\/produkt\/gentianes-merino-wool-neckwarmer-blue\/#breadcrumb","itemListElement":[{"@type":"ListItem","position":1,"name":"Accueil","item":"https:\/\/woolami.ch\/de\/"},{"@type":"ListItem","position":2,"name":"Shop","item":"https:\/\/woolami.ch\/de\/shop-4\/"},{"@type":"ListItem","position":3,"name":"GENTIANES MERINO WOOL NECKWARMER BLUE"}]},{"@type":"WebSite","@id":"https:\/\/woolami.ch\/de\/#website","url":"https:\/\/woolami.ch\/de\/","name":"Woolami","description":"Visit the official Woolami online store. A Swiss clothing brand offering 100% Everyday Merino Wear for active children aged 0 to 8 years.","publisher":{"@id":"https:\/\/woolami.ch\/de\/#organization"},"potentialAction":[{"@type":"SearchAction","target":{"@type":"EntryPoint","urlTemplate":"https:\/\/woolami.ch\/de\/?s={search_term_string}"},"query-input":{"@type":"PropertyValueSpecification","valueRequired":true,"valueName":"search_term_string"}}],"inLanguage":"de"},{"@type":"Organization","@id":"https:\/\/woolami.ch\/de\/#organization","name":"Woolami","url":"https:\/\/woolami.ch\/de\/","logo":{"@type":"ImageObject","inLanguage":"de","@id":"https:\/\/woolami.ch\/de\/#\/schema\/logo\/image\/","url":"https:\/\/woolami.ch\/wp-content\/uploads\/2021\/12\/cropped-cropped-Woolami_shop.jpg","contentUrl":"https:\/\/woolami.ch\/wp-content\/uploads\/2021\/12\/cropped-cropped-Woolami_shop.jpg","width":512,"height":512,"caption":"Woolami"},"image":{"@id":"https:\/\/woolami.ch\/de\/#\/schema\/logo\/image\/"}}]}},"_links":{"self":[{"href":"https:\/\/woolami.ch\/de\/wp-json\/wp\/v2\/product\/54159","targetHints":{"allow":["GET"]}}],"collection":[{"href":"https:\/\/woolami.ch\/de\/wp-json\/wp\/v2\/product"}],"about":[{"href":"https:\/\/woolami.ch\/de\/wp-json\/wp\/v2\/types\/product"}],"replies":[{"embeddable":true,"href":"https:\/\/woolami.ch\/de\/wp-json\/wp\/v2\/comments?post=54159"}],"wp:featuredmedia":[{"embeddable":true,"href":"https:\/\/woolami.ch\/de\/wp-json\/wp\/v2\/media\/58026"}],"wp:attachment":[{"href":"https:\/\/woolami.ch\/de\/wp-json\/wp\/v2\/media?parent=54159"}],"wp:term":[{"taxonomy":"product_brand","embeddable":true,"href":"https:\/\/woolami.ch\/de\/wp-json\/wp\/v2\/product_brand?post=54159"},{"taxonomy":"product_cat","embeddable":true,"href":"https:\/\/woolami.ch\/de\/wp-json\/wp\/v2\/product_cat?post=54159"},{"taxonomy":"product_tag","embeddable":true,"href":"https:\/\/woolami.ch\/de\/wp-json\/wp\/v2\/product_tag?post=54159"}],"curies":[{"name":"wp","href":"https:\/\/api.w.org\/{rel}","templated":true}]}}