{"id":54445,"date":"2021-11-29T15:24:53","date_gmt":"2021-12-02T15:59:59","guid":{"rendered":"https:\/\/woolami.ch\/?post_type=product&#038;p=54445"},"modified":"2023-01-02T13:14:49","modified_gmt":"2023-01-02T12:14:49","slug":"esserts-merino-wool-scarf-white","status":"publish","type":"product","link":"https:\/\/woolami.ch\/de\/produkt\/esserts-merino-wool-scarf-white\/","title":{"rendered":"ESSERTS MERINO WOOL SCARF WHITE"},"content":{"rendered":"<ul>\n<li class=\"li1\">Entwickelt f\u00fcr den t\u00e4glichen Gebrauch \u2013 sei es auf dem Spielplatz oder auf dem Gipfel eines Berges!<\/li>\n<li class=\"li1\">Hergestellt aus superweicher, nicht kratzender Merinowolle\u00a0 \u2013\u00a0 die perfekte erste Schicht direkt auf der Haut<\/li>\n<li class=\"li1\">Zwei Druckkn\u00f6pfe im Nacken zur individuellen Anpassung<\/li>\n<li class=\"li1\">Temperaturausgleichend und Feuchtigkeitsregulierend<\/li>\n<li class=\"li1\">Pflegeleicht<\/li>\n<li>Herzige nadel-gen\u00e4hten Schneeflocken-designs<\/li>\n<li class=\"li1\">Maschinenwaschbar<\/li>\n<li class=\"li1\">Erh\u00e4ltlich in 4 verschiedenen Farben<\/li>\n<li>In Europa produziert<\/li>\n<li>Mulesing Frei<\/li>\n<\/ul>\n<p>Lesen Sie mehr \u00fcber die Vorteile der Merinowolle <a href=\"https:\/\/woolami.ch\/de\/why-merino-wool\/\">hier<\/a><\/p>\n<p><a href=\"https:\/\/woolami.ch\/de\/delivery-returns\/\">R\u00fccknahmegarantie<\/a><\/p>\n<p>F\u00fcr uns ist es wichtig, dass Sie mit Ihrem Einkauf zufrieden sind. Deswegen bietet Woolami eine &#8216;100% Zufriedenheitsgarantie&#8217; an. Wenn Sie von einem Produkt nicht vollst\u00e4ndig \u00fcberzeugt sind, k\u00f6nnen Sie innerhalb von 20 Tagen die Ware zur\u00fccksenden und bekommen den vollen Kaufpreis zur\u00fcckerstattet oder wir tauschen die Farbe\/Gr\u00f6sse um. Lesen Sie bitte <a href=\"https:\/\/woolami.ch\/de\/delivery-returns\/\">hier<\/a> die Details unserer R\u00fccknahmegarantie.<\/p>\n","protected":false},"excerpt":{"rendered":"<p>Ein Must-Have f\u00fcr Ihre Baby- &amp; Kleinkind Ausstattung!<\/p>\n","protected":false},"featured_media":53463,"comment_status":"closed","ping_status":"closed","template":"","meta":[],"product_brand":[],"product_cat":[445,432],"product_tag":[],"class_list":{"0":"post-54445","1":"product","2":"type-product","3":"status-publish","4":"has-post-thumbnail","6":"product_cat-accessoires","7":"product_cat-babies-de","8":"description-off","10":"first","11":"instock","12":"shipping-taxable","13":"purchasable","14":"product-type-variable","15":"has-default-attributes"},"yoast_head":"<!-- This site is optimized with the Yoast SEO plugin v27.3 - https:\/\/yoast.com\/product\/yoast-seo-wordpress\/ -->\n<title>ESSERTS MERINO WOOL SCARF WHITE | Woolami<\/title>\n<meta name=\"robots\" content=\"index, follow, max-snippet:-1, max-image-preview:large, max-video-preview:-1\" \/>\n<link rel=\"canonical\" href=\"https:\/\/woolami.ch\/de\/produkt\/esserts-merino-wool-scarf-white\/\" \/>\n<meta property=\"og:locale\" content=\"de_DE\" \/>\n<meta property=\"og:type\" content=\"article\" \/>\n<meta property=\"og:title\" content=\"ESSERTS MERINO WOOL SCARF WHITE | Woolami\" \/>\n<meta property=\"og:description\" content=\"Ein Must-Have f\u00fcr Ihre Baby- &amp; Kleinkind Ausstattung!\" \/>\n<meta property=\"og:url\" content=\"https:\/\/woolami.ch\/de\/produkt\/esserts-merino-wool-scarf-white\/\" \/>\n<meta property=\"og:site_name\" content=\"Woolami\" \/>\n<meta property=\"article:modified_time\" content=\"2023-01-02T12:14:49+00:00\" \/>\n<meta property=\"og:image\" content=\"https:\/\/woolami.ch\/wp-content\/uploads\/2021\/11\/scarf-white-scaled.webp\" \/>\n\t<meta property=\"og:image:width\" content=\"2064\" \/>\n\t<meta property=\"og:image:height\" content=\"2560\" \/>\n\t<meta property=\"og:image:type\" content=\"image\/jpeg\" \/>\n<meta name=\"twitter:card\" content=\"summary_large_image\" \/>\n<meta name=\"twitter:label1\" content=\"Gesch\u00e4tzte Lesezeit\" \/>\n\t<meta name=\"twitter:data1\" content=\"1\u00a0Minute\" \/>\n<script type=\"application\/ld+json\" class=\"yoast-schema-graph\">{\"@context\":\"https:\\\/\\\/schema.org\",\"@graph\":[{\"@type\":\"WebPage\",\"@id\":\"https:\\\/\\\/woolami.ch\\\/de\\\/produkt\\\/esserts-merino-wool-scarf-white\\\/\",\"url\":\"https:\\\/\\\/woolami.ch\\\/de\\\/produkt\\\/esserts-merino-wool-scarf-white\\\/\",\"name\":\"ESSERTS MERINO WOOL SCARF WHITE | Woolami\",\"isPartOf\":{\"@id\":\"https:\\\/\\\/woolami.ch\\\/de\\\/#website\"},\"primaryImageOfPage\":{\"@id\":\"https:\\\/\\\/woolami.ch\\\/de\\\/produkt\\\/esserts-merino-wool-scarf-white\\\/#primaryimage\"},\"image\":{\"@id\":\"https:\\\/\\\/woolami.ch\\\/de\\\/produkt\\\/esserts-merino-wool-scarf-white\\\/#primaryimage\"},\"thumbnailUrl\":\"https:\\\/\\\/woolami.ch\\\/wp-content\\\/uploads\\\/2021\\\/11\\\/scarf-white-scaled.webp\",\"datePublished\":\"2021-12-02T15:59:59+00:00\",\"dateModified\":\"2023-01-02T12:14:49+00:00\",\"breadcrumb\":{\"@id\":\"https:\\\/\\\/woolami.ch\\\/de\\\/produkt\\\/esserts-merino-wool-scarf-white\\\/#breadcrumb\"},\"inLanguage\":\"de\",\"potentialAction\":[{\"@type\":\"ReadAction\",\"target\":[\"https:\\\/\\\/woolami.ch\\\/de\\\/produkt\\\/esserts-merino-wool-scarf-white\\\/\"]}]},{\"@type\":\"ImageObject\",\"inLanguage\":\"de\",\"@id\":\"https:\\\/\\\/woolami.ch\\\/de\\\/produkt\\\/esserts-merino-wool-scarf-white\\\/#primaryimage\",\"url\":\"https:\\\/\\\/woolami.ch\\\/wp-content\\\/uploads\\\/2021\\\/11\\\/scarf-white-scaled.webp\",\"contentUrl\":\"https:\\\/\\\/woolami.ch\\\/wp-content\\\/uploads\\\/2021\\\/11\\\/scarf-white-scaled.webp\",\"width\":2064,\"height\":2560},{\"@type\":\"BreadcrumbList\",\"@id\":\"https:\\\/\\\/woolami.ch\\\/de\\\/produkt\\\/esserts-merino-wool-scarf-white\\\/#breadcrumb\",\"itemListElement\":[{\"@type\":\"ListItem\",\"position\":1,\"name\":\"Accueil\",\"item\":\"https:\\\/\\\/woolami.ch\\\/de\\\/\"},{\"@type\":\"ListItem\",\"position\":2,\"name\":\"Shop\",\"item\":\"https:\\\/\\\/woolami.ch\\\/de\\\/shop-4\\\/\"},{\"@type\":\"ListItem\",\"position\":3,\"name\":\"ESSERTS MERINO WOOL SCARF WHITE\"}]},{\"@type\":\"WebSite\",\"@id\":\"https:\\\/\\\/woolami.ch\\\/de\\\/#website\",\"url\":\"https:\\\/\\\/woolami.ch\\\/de\\\/\",\"name\":\"Woolami\",\"description\":\"Visit the official Woolami online store. A Swiss clothing brand offering 100% Everyday Merino Wear for active children aged 0 to 8 years.\",\"publisher\":{\"@id\":\"https:\\\/\\\/woolami.ch\\\/de\\\/#organization\"},\"potentialAction\":[{\"@type\":\"SearchAction\",\"target\":{\"@type\":\"EntryPoint\",\"urlTemplate\":\"https:\\\/\\\/woolami.ch\\\/de\\\/?s={search_term_string}\"},\"query-input\":{\"@type\":\"PropertyValueSpecification\",\"valueRequired\":true,\"valueName\":\"search_term_string\"}}],\"inLanguage\":\"de\"},{\"@type\":\"Organization\",\"@id\":\"https:\\\/\\\/woolami.ch\\\/de\\\/#organization\",\"name\":\"Woolami\",\"url\":\"https:\\\/\\\/woolami.ch\\\/de\\\/\",\"logo\":{\"@type\":\"ImageObject\",\"inLanguage\":\"de\",\"@id\":\"https:\\\/\\\/woolami.ch\\\/de\\\/#\\\/schema\\\/logo\\\/image\\\/\",\"url\":\"https:\\\/\\\/woolami.ch\\\/wp-content\\\/uploads\\\/2021\\\/12\\\/cropped-cropped-Woolami_shop.jpg\",\"contentUrl\":\"https:\\\/\\\/woolami.ch\\\/wp-content\\\/uploads\\\/2021\\\/12\\\/cropped-cropped-Woolami_shop.jpg\",\"width\":512,\"height\":512,\"caption\":\"Woolami\"},\"image\":{\"@id\":\"https:\\\/\\\/woolami.ch\\\/de\\\/#\\\/schema\\\/logo\\\/image\\\/\"}}]}<\/script>\n<!-- \/ Yoast SEO plugin. -->","yoast_head_json":{"title":"ESSERTS MERINO WOOL SCARF WHITE | Woolami","robots":{"index":"index","follow":"follow","max-snippet":"max-snippet:-1","max-image-preview":"max-image-preview:large","max-video-preview":"max-video-preview:-1"},"canonical":"https:\/\/woolami.ch\/de\/produkt\/esserts-merino-wool-scarf-white\/","og_locale":"de_DE","og_type":"article","og_title":"ESSERTS MERINO WOOL SCARF WHITE | Woolami","og_description":"Ein Must-Have f\u00fcr Ihre Baby- &amp; Kleinkind Ausstattung!","og_url":"https:\/\/woolami.ch\/de\/produkt\/esserts-merino-wool-scarf-white\/","og_site_name":"Woolami","article_modified_time":"2023-01-02T12:14:49+00:00","og_image":[{"width":2064,"height":2560,"url":"https:\/\/woolami.ch\/wp-content\/uploads\/2021\/11\/scarf-white-scaled.webp","type":"image\/jpeg"}],"twitter_card":"summary_large_image","twitter_misc":{"Gesch\u00e4tzte Lesezeit":"1\u00a0Minute"},"schema":{"@context":"https:\/\/schema.org","@graph":[{"@type":"WebPage","@id":"https:\/\/woolami.ch\/de\/produkt\/esserts-merino-wool-scarf-white\/","url":"https:\/\/woolami.ch\/de\/produkt\/esserts-merino-wool-scarf-white\/","name":"ESSERTS MERINO WOOL SCARF WHITE | Woolami","isPartOf":{"@id":"https:\/\/woolami.ch\/de\/#website"},"primaryImageOfPage":{"@id":"https:\/\/woolami.ch\/de\/produkt\/esserts-merino-wool-scarf-white\/#primaryimage"},"image":{"@id":"https:\/\/woolami.ch\/de\/produkt\/esserts-merino-wool-scarf-white\/#primaryimage"},"thumbnailUrl":"https:\/\/woolami.ch\/wp-content\/uploads\/2021\/11\/scarf-white-scaled.webp","datePublished":"2021-12-02T15:59:59+00:00","dateModified":"2023-01-02T12:14:49+00:00","breadcrumb":{"@id":"https:\/\/woolami.ch\/de\/produkt\/esserts-merino-wool-scarf-white\/#breadcrumb"},"inLanguage":"de","potentialAction":[{"@type":"ReadAction","target":["https:\/\/woolami.ch\/de\/produkt\/esserts-merino-wool-scarf-white\/"]}]},{"@type":"ImageObject","inLanguage":"de","@id":"https:\/\/woolami.ch\/de\/produkt\/esserts-merino-wool-scarf-white\/#primaryimage","url":"https:\/\/woolami.ch\/wp-content\/uploads\/2021\/11\/scarf-white-scaled.webp","contentUrl":"https:\/\/woolami.ch\/wp-content\/uploads\/2021\/11\/scarf-white-scaled.webp","width":2064,"height":2560},{"@type":"BreadcrumbList","@id":"https:\/\/woolami.ch\/de\/produkt\/esserts-merino-wool-scarf-white\/#breadcrumb","itemListElement":[{"@type":"ListItem","position":1,"name":"Accueil","item":"https:\/\/woolami.ch\/de\/"},{"@type":"ListItem","position":2,"name":"Shop","item":"https:\/\/woolami.ch\/de\/shop-4\/"},{"@type":"ListItem","position":3,"name":"ESSERTS MERINO WOOL SCARF WHITE"}]},{"@type":"WebSite","@id":"https:\/\/woolami.ch\/de\/#website","url":"https:\/\/woolami.ch\/de\/","name":"Woolami","description":"Visit the official Woolami online store. A Swiss clothing brand offering 100% Everyday Merino Wear for active children aged 0 to 8 years.","publisher":{"@id":"https:\/\/woolami.ch\/de\/#organization"},"potentialAction":[{"@type":"SearchAction","target":{"@type":"EntryPoint","urlTemplate":"https:\/\/woolami.ch\/de\/?s={search_term_string}"},"query-input":{"@type":"PropertyValueSpecification","valueRequired":true,"valueName":"search_term_string"}}],"inLanguage":"de"},{"@type":"Organization","@id":"https:\/\/woolami.ch\/de\/#organization","name":"Woolami","url":"https:\/\/woolami.ch\/de\/","logo":{"@type":"ImageObject","inLanguage":"de","@id":"https:\/\/woolami.ch\/de\/#\/schema\/logo\/image\/","url":"https:\/\/woolami.ch\/wp-content\/uploads\/2021\/12\/cropped-cropped-Woolami_shop.jpg","contentUrl":"https:\/\/woolami.ch\/wp-content\/uploads\/2021\/12\/cropped-cropped-Woolami_shop.jpg","width":512,"height":512,"caption":"Woolami"},"image":{"@id":"https:\/\/woolami.ch\/de\/#\/schema\/logo\/image\/"}}]}},"_links":{"self":[{"href":"https:\/\/woolami.ch\/de\/wp-json\/wp\/v2\/product\/54445","targetHints":{"allow":["GET"]}}],"collection":[{"href":"https:\/\/woolami.ch\/de\/wp-json\/wp\/v2\/product"}],"about":[{"href":"https:\/\/woolami.ch\/de\/wp-json\/wp\/v2\/types\/product"}],"replies":[{"embeddable":true,"href":"https:\/\/woolami.ch\/de\/wp-json\/wp\/v2\/comments?post=54445"}],"wp:featuredmedia":[{"embeddable":true,"href":"https:\/\/woolami.ch\/de\/wp-json\/wp\/v2\/media\/53463"}],"wp:attachment":[{"href":"https:\/\/woolami.ch\/de\/wp-json\/wp\/v2\/media?parent=54445"}],"wp:term":[{"taxonomy":"product_brand","embeddable":true,"href":"https:\/\/woolami.ch\/de\/wp-json\/wp\/v2\/product_brand?post=54445"},{"taxonomy":"product_cat","embeddable":true,"href":"https:\/\/woolami.ch\/de\/wp-json\/wp\/v2\/product_cat?post=54445"},{"taxonomy":"product_tag","embeddable":true,"href":"https:\/\/woolami.ch\/de\/wp-json\/wp\/v2\/product_tag?post=54445"}],"curies":[{"name":"wp","href":"https:\/\/api.w.org\/{rel}","templated":true}]}}