{"id":55570,"date":"2021-12-07T17:23:07","date_gmt":"2021-12-07T16:46:47","guid":{"rendered":"https:\/\/woolami.ch\/?post_type=product&#038;p=55570"},"modified":"2022-12-23T09:15:23","modified_gmt":"2022-12-23T08:15:23","slug":"3-teiliges-kinder-geschenk-set-super-premium","status":"publish","type":"product","link":"https:\/\/woolami.ch\/de\/produkt\/3-teiliges-kinder-geschenk-set-super-premium\/","title":{"rendered":"3-Teiliges Kinder Geschenk-Set Super Premium"},"content":{"rendered":"<ul>\n<li class=\"li1\">Ein praktisches Set aus 100% Merinowolle enth\u00e4lt: ein lang\u00e4rmeliges Oberteil und eine Leggings,  sowie einer Sturmhaube f\u00fcr die kalten Tage &#8211; erh\u00e4ltlich in 3 verschiedenen Farben und Gr\u00f6\u00dfen von 86\/92 bis 134\/140.<\/li>\n<li class=\"li1\">Ein einzigartiges Lavendels\u00e4cklein &#8211; handgefertigt in der Provence speziell f\u00fcr Woolami &#8211; zum Schutz Ihrer Merino-Kleidung<\/li>\n<li class=\"li1\">Superweiche, nicht kratzende 100 % Merinowolle \u2013 der perfekte Baselayer auf der Haut!<\/li>\n<li class=\"li1\">Temperaturausgleichend und Feuchtigkeitsregulierend<\/li>\n<li class=\"li1\">Pflegeleicht, kein B\u00fcgeln n\u00f6tig<\/li>\n<li class=\"li1\">Maschinenwaschbar<\/li>\n<li>In Europa produziert<\/li>\n<li>Mulesing Frei<\/li>\n<\/ul>\n<p>Lesen Sie mehr \u00fcber die Vorteile der Merinowolle <a href=\"https:\/\/woolami.ch\/de\/why-merino-wool\/\">hier<\/a><\/p>\n<p><a href=\"https:\/\/woolami.ch\/de\/delivery-returns\/\">R\u00fccknahmegarantie<\/a><\/p>\n<p>F\u00fcr uns ist es wichtig, dass Sie mit Ihrem Einkauf zufrieden sind. Deswegen bietet Woolami eine &#8216;100% Zufriedenheitsgarantie&#8217; an. Wenn Sie von einem Produkt nicht vollst\u00e4ndig \u00fcberzeugt sind, k\u00f6nnen Sie innerhalb von 20 Tagen die Ware zur\u00fccksenden und bekommen den vollen Kaufpreis zur\u00fcckerstattet oder wir tauschen die Farbe\/Gr\u00f6sse um. Lesen Sie bitte <a href=\"https:\/\/woolami.ch\/de\/delivery-returns\/\">hier<\/a> die Details unserer R\u00fccknahmegarantie.<\/p>\n","protected":false},"excerpt":{"rendered":"<p>Bereiten Sie sich mit diesem 3-teiligen Set f\u00fcr kalte Wintertage auf der Skipiste vor!<\/p>\n<ul>\n<li>1x Lang\u00e4rmeliges Oberteil <\/li>\n<li>1x Leggings<\/li>\n<li>1x  Sturmhaube <\/li>\n<li>1x Woolami Sachet Lavender<\/li>\n<\/ul>\n","protected":false},"featured_media":57147,"comment_status":"closed","ping_status":"closed","template":"","meta":[],"product_brand":[],"product_cat":[507,438],"product_tag":[],"class_list":{"0":"post-55570","1":"product","2":"type-product","3":"status-publish","4":"has-post-thumbnail","6":"product_cat-gift-box","7":"product_cat-kids-de","8":"pa_color-moonlight-blue-de","9":"pa_color-platinum-grey-de","10":"pa_color-powder-pink-de","11":"description-off","13":"first","14":"instock","15":"shipping-taxable","16":"purchasable","17":"product-type-variable"},"yoast_head":"<!-- This site is optimized with the Yoast SEO plugin v27.3 - https:\/\/yoast.com\/product\/yoast-seo-wordpress\/ -->\n<title>3-Teiliges Kinder Geschenk-Set Super Premium | Woolami<\/title>\n<meta name=\"robots\" content=\"index, follow, max-snippet:-1, max-image-preview:large, max-video-preview:-1\" \/>\n<link rel=\"canonical\" href=\"https:\/\/woolami.ch\/de\/produkt\/3-teiliges-kinder-geschenk-set-super-premium\/\" \/>\n<meta property=\"og:locale\" content=\"de_DE\" \/>\n<meta property=\"og:type\" content=\"article\" \/>\n<meta property=\"og:title\" content=\"3-Teiliges Kinder Geschenk-Set Super Premium | Woolami\" \/>\n<meta property=\"og:description\" content=\"Bereiten Sie sich mit diesem 3-teiligen Set f\u00fcr kalte Wintertage auf der Skipiste vor!   1x Lang\u00e4rmeliges Oberteil  1x Leggings 1x Sturmhaube  1x Woolami Sachet Lavender\" \/>\n<meta property=\"og:url\" content=\"https:\/\/woolami.ch\/de\/produkt\/3-teiliges-kinder-geschenk-set-super-premium\/\" \/>\n<meta property=\"og:site_name\" content=\"Woolami\" \/>\n<meta property=\"article:modified_time\" content=\"2022-12-23T08:15:23+00:00\" \/>\n<meta property=\"og:image\" content=\"https:\/\/woolami.ch\/wp-content\/uploads\/2021\/12\/gift_6.webp\" \/>\n\t<meta property=\"og:image:width\" content=\"2560\" \/>\n\t<meta property=\"og:image:height\" content=\"2560\" \/>\n\t<meta property=\"og:image:type\" content=\"image\/png\" \/>\n<meta name=\"twitter:card\" content=\"summary_large_image\" \/>\n<meta name=\"twitter:label1\" content=\"Gesch\u00e4tzte Lesezeit\" \/>\n\t<meta name=\"twitter:data1\" content=\"1\u00a0Minute\" \/>\n<script type=\"application\/ld+json\" class=\"yoast-schema-graph\">{\"@context\":\"https:\\\/\\\/schema.org\",\"@graph\":[{\"@type\":\"WebPage\",\"@id\":\"https:\\\/\\\/woolami.ch\\\/de\\\/produkt\\\/3-teiliges-kinder-geschenk-set-super-premium\\\/\",\"url\":\"https:\\\/\\\/woolami.ch\\\/de\\\/produkt\\\/3-teiliges-kinder-geschenk-set-super-premium\\\/\",\"name\":\"3-Teiliges Kinder Geschenk-Set Super Premium | Woolami\",\"isPartOf\":{\"@id\":\"https:\\\/\\\/woolami.ch\\\/de\\\/#website\"},\"primaryImageOfPage\":{\"@id\":\"https:\\\/\\\/woolami.ch\\\/de\\\/produkt\\\/3-teiliges-kinder-geschenk-set-super-premium\\\/#primaryimage\"},\"image\":{\"@id\":\"https:\\\/\\\/woolami.ch\\\/de\\\/produkt\\\/3-teiliges-kinder-geschenk-set-super-premium\\\/#primaryimage\"},\"thumbnailUrl\":\"https:\\\/\\\/woolami.ch\\\/wp-content\\\/uploads\\\/2021\\\/12\\\/gift_6.webp\",\"datePublished\":\"2021-12-07T16:46:47+00:00\",\"dateModified\":\"2022-12-23T08:15:23+00:00\",\"breadcrumb\":{\"@id\":\"https:\\\/\\\/woolami.ch\\\/de\\\/produkt\\\/3-teiliges-kinder-geschenk-set-super-premium\\\/#breadcrumb\"},\"inLanguage\":\"de\",\"potentialAction\":[{\"@type\":\"ReadAction\",\"target\":[\"https:\\\/\\\/woolami.ch\\\/de\\\/produkt\\\/3-teiliges-kinder-geschenk-set-super-premium\\\/\"]}]},{\"@type\":\"ImageObject\",\"inLanguage\":\"de\",\"@id\":\"https:\\\/\\\/woolami.ch\\\/de\\\/produkt\\\/3-teiliges-kinder-geschenk-set-super-premium\\\/#primaryimage\",\"url\":\"https:\\\/\\\/woolami.ch\\\/wp-content\\\/uploads\\\/2021\\\/12\\\/gift_6.webp\",\"contentUrl\":\"https:\\\/\\\/woolami.ch\\\/wp-content\\\/uploads\\\/2021\\\/12\\\/gift_6.webp\",\"width\":2560,\"height\":2560},{\"@type\":\"BreadcrumbList\",\"@id\":\"https:\\\/\\\/woolami.ch\\\/de\\\/produkt\\\/3-teiliges-kinder-geschenk-set-super-premium\\\/#breadcrumb\",\"itemListElement\":[{\"@type\":\"ListItem\",\"position\":1,\"name\":\"Accueil\",\"item\":\"https:\\\/\\\/woolami.ch\\\/de\\\/\"},{\"@type\":\"ListItem\",\"position\":2,\"name\":\"Shop\",\"item\":\"https:\\\/\\\/woolami.ch\\\/de\\\/shop-4\\\/\"},{\"@type\":\"ListItem\",\"position\":3,\"name\":\"3-Teiliges Kinder Geschenk-Set Super Premium\"}]},{\"@type\":\"WebSite\",\"@id\":\"https:\\\/\\\/woolami.ch\\\/de\\\/#website\",\"url\":\"https:\\\/\\\/woolami.ch\\\/de\\\/\",\"name\":\"Woolami\",\"description\":\"Visit the official Woolami online store. A Swiss clothing brand offering 100% Everyday Merino Wear for active children aged 0 to 8 years.\",\"publisher\":{\"@id\":\"https:\\\/\\\/woolami.ch\\\/de\\\/#organization\"},\"potentialAction\":[{\"@type\":\"SearchAction\",\"target\":{\"@type\":\"EntryPoint\",\"urlTemplate\":\"https:\\\/\\\/woolami.ch\\\/de\\\/?s={search_term_string}\"},\"query-input\":{\"@type\":\"PropertyValueSpecification\",\"valueRequired\":true,\"valueName\":\"search_term_string\"}}],\"inLanguage\":\"de\"},{\"@type\":\"Organization\",\"@id\":\"https:\\\/\\\/woolami.ch\\\/de\\\/#organization\",\"name\":\"Woolami\",\"url\":\"https:\\\/\\\/woolami.ch\\\/de\\\/\",\"logo\":{\"@type\":\"ImageObject\",\"inLanguage\":\"de\",\"@id\":\"https:\\\/\\\/woolami.ch\\\/de\\\/#\\\/schema\\\/logo\\\/image\\\/\",\"url\":\"https:\\\/\\\/woolami.ch\\\/wp-content\\\/uploads\\\/2021\\\/12\\\/cropped-cropped-Woolami_shop.jpg\",\"contentUrl\":\"https:\\\/\\\/woolami.ch\\\/wp-content\\\/uploads\\\/2021\\\/12\\\/cropped-cropped-Woolami_shop.jpg\",\"width\":512,\"height\":512,\"caption\":\"Woolami\"},\"image\":{\"@id\":\"https:\\\/\\\/woolami.ch\\\/de\\\/#\\\/schema\\\/logo\\\/image\\\/\"}}]}<\/script>\n<!-- \/ Yoast SEO plugin. -->","yoast_head_json":{"title":"3-Teiliges Kinder Geschenk-Set Super Premium | Woolami","robots":{"index":"index","follow":"follow","max-snippet":"max-snippet:-1","max-image-preview":"max-image-preview:large","max-video-preview":"max-video-preview:-1"},"canonical":"https:\/\/woolami.ch\/de\/produkt\/3-teiliges-kinder-geschenk-set-super-premium\/","og_locale":"de_DE","og_type":"article","og_title":"3-Teiliges Kinder Geschenk-Set Super Premium | Woolami","og_description":"Bereiten Sie sich mit diesem 3-teiligen Set f\u00fcr kalte Wintertage auf der Skipiste vor!   1x Lang\u00e4rmeliges Oberteil  1x Leggings 1x Sturmhaube  1x Woolami Sachet Lavender","og_url":"https:\/\/woolami.ch\/de\/produkt\/3-teiliges-kinder-geschenk-set-super-premium\/","og_site_name":"Woolami","article_modified_time":"2022-12-23T08:15:23+00:00","og_image":[{"width":2560,"height":2560,"url":"https:\/\/woolami.ch\/wp-content\/uploads\/2021\/12\/gift_6.webp","type":"image\/png"}],"twitter_card":"summary_large_image","twitter_misc":{"Gesch\u00e4tzte Lesezeit":"1\u00a0Minute"},"schema":{"@context":"https:\/\/schema.org","@graph":[{"@type":"WebPage","@id":"https:\/\/woolami.ch\/de\/produkt\/3-teiliges-kinder-geschenk-set-super-premium\/","url":"https:\/\/woolami.ch\/de\/produkt\/3-teiliges-kinder-geschenk-set-super-premium\/","name":"3-Teiliges Kinder Geschenk-Set Super Premium | Woolami","isPartOf":{"@id":"https:\/\/woolami.ch\/de\/#website"},"primaryImageOfPage":{"@id":"https:\/\/woolami.ch\/de\/produkt\/3-teiliges-kinder-geschenk-set-super-premium\/#primaryimage"},"image":{"@id":"https:\/\/woolami.ch\/de\/produkt\/3-teiliges-kinder-geschenk-set-super-premium\/#primaryimage"},"thumbnailUrl":"https:\/\/woolami.ch\/wp-content\/uploads\/2021\/12\/gift_6.webp","datePublished":"2021-12-07T16:46:47+00:00","dateModified":"2022-12-23T08:15:23+00:00","breadcrumb":{"@id":"https:\/\/woolami.ch\/de\/produkt\/3-teiliges-kinder-geschenk-set-super-premium\/#breadcrumb"},"inLanguage":"de","potentialAction":[{"@type":"ReadAction","target":["https:\/\/woolami.ch\/de\/produkt\/3-teiliges-kinder-geschenk-set-super-premium\/"]}]},{"@type":"ImageObject","inLanguage":"de","@id":"https:\/\/woolami.ch\/de\/produkt\/3-teiliges-kinder-geschenk-set-super-premium\/#primaryimage","url":"https:\/\/woolami.ch\/wp-content\/uploads\/2021\/12\/gift_6.webp","contentUrl":"https:\/\/woolami.ch\/wp-content\/uploads\/2021\/12\/gift_6.webp","width":2560,"height":2560},{"@type":"BreadcrumbList","@id":"https:\/\/woolami.ch\/de\/produkt\/3-teiliges-kinder-geschenk-set-super-premium\/#breadcrumb","itemListElement":[{"@type":"ListItem","position":1,"name":"Accueil","item":"https:\/\/woolami.ch\/de\/"},{"@type":"ListItem","position":2,"name":"Shop","item":"https:\/\/woolami.ch\/de\/shop-4\/"},{"@type":"ListItem","position":3,"name":"3-Teiliges Kinder Geschenk-Set Super Premium"}]},{"@type":"WebSite","@id":"https:\/\/woolami.ch\/de\/#website","url":"https:\/\/woolami.ch\/de\/","name":"Woolami","description":"Visit the official Woolami online store. A Swiss clothing brand offering 100% Everyday Merino Wear for active children aged 0 to 8 years.","publisher":{"@id":"https:\/\/woolami.ch\/de\/#organization"},"potentialAction":[{"@type":"SearchAction","target":{"@type":"EntryPoint","urlTemplate":"https:\/\/woolami.ch\/de\/?s={search_term_string}"},"query-input":{"@type":"PropertyValueSpecification","valueRequired":true,"valueName":"search_term_string"}}],"inLanguage":"de"},{"@type":"Organization","@id":"https:\/\/woolami.ch\/de\/#organization","name":"Woolami","url":"https:\/\/woolami.ch\/de\/","logo":{"@type":"ImageObject","inLanguage":"de","@id":"https:\/\/woolami.ch\/de\/#\/schema\/logo\/image\/","url":"https:\/\/woolami.ch\/wp-content\/uploads\/2021\/12\/cropped-cropped-Woolami_shop.jpg","contentUrl":"https:\/\/woolami.ch\/wp-content\/uploads\/2021\/12\/cropped-cropped-Woolami_shop.jpg","width":512,"height":512,"caption":"Woolami"},"image":{"@id":"https:\/\/woolami.ch\/de\/#\/schema\/logo\/image\/"}}]}},"_links":{"self":[{"href":"https:\/\/woolami.ch\/de\/wp-json\/wp\/v2\/product\/55570","targetHints":{"allow":["GET"]}}],"collection":[{"href":"https:\/\/woolami.ch\/de\/wp-json\/wp\/v2\/product"}],"about":[{"href":"https:\/\/woolami.ch\/de\/wp-json\/wp\/v2\/types\/product"}],"replies":[{"embeddable":true,"href":"https:\/\/woolami.ch\/de\/wp-json\/wp\/v2\/comments?post=55570"}],"wp:featuredmedia":[{"embeddable":true,"href":"https:\/\/woolami.ch\/de\/wp-json\/wp\/v2\/media\/57147"}],"wp:attachment":[{"href":"https:\/\/woolami.ch\/de\/wp-json\/wp\/v2\/media?parent=55570"}],"wp:term":[{"taxonomy":"product_brand","embeddable":true,"href":"https:\/\/woolami.ch\/de\/wp-json\/wp\/v2\/product_brand?post=55570"},{"taxonomy":"product_cat","embeddable":true,"href":"https:\/\/woolami.ch\/de\/wp-json\/wp\/v2\/product_cat?post=55570"},{"taxonomy":"product_tag","embeddable":true,"href":"https:\/\/woolami.ch\/de\/wp-json\/wp\/v2\/product_tag?post=55570"}],"curies":[{"name":"wp","href":"https:\/\/api.w.org\/{rel}","templated":true}]}}