{"id":52264,"date":"2021-11-25T17:37:26","date_gmt":"2021-11-25T16:37:26","guid":{"rendered":"https:\/\/woolami.ch\/?page_id=52264"},"modified":"2021-11-25T17:39:04","modified_gmt":"2021-11-25T16:39:04","slug":"impressum","status":"publish","type":"page","link":"https:\/\/woolami.ch\/en\/impressum\/","title":{"rendered":"IMPRESSUM"},"content":{"rendered":"\t\t<div data-elementor-type=\"wp-page\" data-elementor-id=\"52264\" class=\"elementor elementor-52264 elementor-52250\" data-elementor-post-type=\"page\">\n\t\t\t\t\t\t<section class=\"elementor-section elementor-top-section elementor-element elementor-element-07ae4f4 elementor-section-full_width elementor-reverse-tablet elementor-reverse-mobile elementor-section-height-min-height elementor-section-items-stretch elementor-section-content-middle elementor-section-height-default\" data-id=\"07ae4f4\" data-element_type=\"section\" data-e-type=\"section\" data-settings=\"{&quot;background_background&quot;:&quot;classic&quot;,&quot;jet_parallax_layout_list&quot;:[{&quot;jet_parallax_layout_image&quot;:{&quot;url&quot;:&quot;&quot;,&quot;id&quot;:&quot;&quot;,&quot;size&quot;:&quot;&quot;},&quot;_id&quot;:&quot;c4a8fb8&quot;,&quot;jet_parallax_layout_image_tablet&quot;:{&quot;url&quot;:&quot;&quot;,&quot;id&quot;:&quot;&quot;,&quot;size&quot;:&quot;&quot;},&quot;jet_parallax_layout_image_mobile&quot;:{&quot;url&quot;:&quot;&quot;,&quot;id&quot;:&quot;&quot;,&quot;size&quot;:&quot;&quot;},&quot;jet_parallax_layout_speed&quot;:{&quot;unit&quot;:&quot;%&quot;,&quot;size&quot;:50,&quot;sizes&quot;:[]},&quot;jet_parallax_layout_type&quot;:&quot;scroll&quot;,&quot;jet_parallax_layout_direction&quot;:&quot;1&quot;,&quot;jet_parallax_layout_fx_direction&quot;:null,&quot;jet_parallax_layout_z_index&quot;:&quot;&quot;,&quot;jet_parallax_layout_bg_x&quot;:50,&quot;jet_parallax_layout_bg_x_tablet&quot;:&quot;&quot;,&quot;jet_parallax_layout_bg_x_mobile&quot;:&quot;&quot;,&quot;jet_parallax_layout_bg_y&quot;:50,&quot;jet_parallax_layout_bg_y_tablet&quot;:&quot;&quot;,&quot;jet_parallax_layout_bg_y_mobile&quot;:&quot;&quot;,&quot;jet_parallax_layout_bg_size&quot;:&quot;auto&quot;,&quot;jet_parallax_layout_bg_size_tablet&quot;:&quot;&quot;,&quot;jet_parallax_layout_bg_size_mobile&quot;:&quot;&quot;,&quot;jet_parallax_layout_animation_prop&quot;:&quot;transform&quot;,&quot;jet_parallax_layout_on&quot;:[&quot;desktop&quot;,&quot;tablet&quot;]}]}\">\n\t\t\t\t\t\t<div class=\"elementor-container elementor-column-gap-no\">\n\t\t\t\t\t<div class=\"elementor-column elementor-col-100 elementor-top-column elementor-element elementor-element-a42557b\" data-id=\"a42557b\" data-element_type=\"column\" data-e-type=\"column\" data-settings=\"{&quot;background_background&quot;:&quot;classic&quot;}\">\n\t\t\t<div class=\"elementor-widget-wrap\">\n\t\t\t\t\t<div class=\"elementor-background-overlay\"><\/div>\n\t\t\t\t\t\t\t<\/div>\n\t\t<\/div>\n\t\t\t\t\t<\/div>\n\t\t<\/section>\n\t\t\t\t<section class=\"elementor-section elementor-top-section elementor-element elementor-element-56f71ff elementor-section-boxed elementor-section-height-default elementor-section-height-default\" data-id=\"56f71ff\" data-element_type=\"section\" data-e-type=\"section\" data-settings=\"{&quot;jet_parallax_layout_list&quot;:[{&quot;jet_parallax_layout_image&quot;:{&quot;url&quot;:&quot;&quot;,&quot;id&quot;:&quot;&quot;,&quot;size&quot;:&quot;&quot;},&quot;_id&quot;:&quot;990d94e&quot;,&quot;jet_parallax_layout_image_tablet&quot;:{&quot;url&quot;:&quot;&quot;,&quot;id&quot;:&quot;&quot;,&quot;size&quot;:&quot;&quot;},&quot;jet_parallax_layout_image_mobile&quot;:{&quot;url&quot;:&quot;&quot;,&quot;id&quot;:&quot;&quot;,&quot;size&quot;:&quot;&quot;},&quot;jet_parallax_layout_speed&quot;:{&quot;unit&quot;:&quot;%&quot;,&quot;size&quot;:50,&quot;sizes&quot;:[]},&quot;jet_parallax_layout_type&quot;:&quot;scroll&quot;,&quot;jet_parallax_layout_direction&quot;:&quot;1&quot;,&quot;jet_parallax_layout_fx_direction&quot;:null,&quot;jet_parallax_layout_z_index&quot;:&quot;&quot;,&quot;jet_parallax_layout_bg_x&quot;:50,&quot;jet_parallax_layout_bg_x_tablet&quot;:&quot;&quot;,&quot;jet_parallax_layout_bg_x_mobile&quot;:&quot;&quot;,&quot;jet_parallax_layout_bg_y&quot;:50,&quot;jet_parallax_layout_bg_y_tablet&quot;:&quot;&quot;,&quot;jet_parallax_layout_bg_y_mobile&quot;:&quot;&quot;,&quot;jet_parallax_layout_bg_size&quot;:&quot;auto&quot;,&quot;jet_parallax_layout_bg_size_tablet&quot;:&quot;&quot;,&quot;jet_parallax_layout_bg_size_mobile&quot;:&quot;&quot;,&quot;jet_parallax_layout_animation_prop&quot;:&quot;transform&quot;,&quot;jet_parallax_layout_on&quot;:[&quot;desktop&quot;,&quot;tablet&quot;]}]}\">\n\t\t\t\t\t\t<div class=\"elementor-container elementor-column-gap-wider\">\n\t\t\t\t\t<div class=\"elementor-column elementor-col-50 elementor-top-column elementor-element elementor-element-7cdc4b5\" data-id=\"7cdc4b5\" data-element_type=\"column\" data-e-type=\"column\">\n\t\t\t<div class=\"elementor-widget-wrap elementor-element-populated\">\n\t\t\t\t\t\t<div class=\"elementor-element elementor-element-6a1a9e8 elementor-widget elementor-widget-wp-widget-nav_menu\" data-id=\"6a1a9e8\" data-element_type=\"widget\" data-e-type=\"widget\" data-widget_type=\"wp-widget-nav_menu.default\">\n\t\t\t\t<div class=\"elementor-widget-container\">\n\t\t\t\t\t<div class=\"menu-info-container\"><ul id=\"menu-info\" class=\"menu\"><li id=\"menu-item-52301\" class=\"menu-item menu-item-type-post_type menu-item-object-page menu-item-52301\"><a href=\"https:\/\/woolami.ch\/notre-histoire\/\">Our Story<\/a><\/li>\n<li id=\"menu-item-52274\" class=\"menu-item menu-item-type-post_type menu-item-object-page menu-item-52274\"><a href=\"https:\/\/woolami.ch\/blog-2\/\">Blog<\/a><\/li>\n<li id=\"menu-item-52277\" class=\"menu-item menu-item-type-post_type menu-item-object-page menu-item-52277\"><a href=\"https:\/\/woolami.ch\/livraison-retours\/\">DELIVERY &#038; RETURNS<\/a><\/li>\n<li id=\"menu-item-52275\" class=\"menu-item menu-item-type-post_type menu-item-object-page menu-item-52275\"><a href=\"https:\/\/woolami.ch\/contact\/\">CONTACT US<\/a><\/li>\n<\/ul><\/div>\t\t\t\t<\/div>\n\t\t\t\t<\/div>\n\t\t\t\t\t<\/div>\n\t\t<\/div>\n\t\t\t\t<div class=\"elementor-column elementor-col-50 elementor-top-column elementor-element elementor-element-a1a3176\" data-id=\"a1a3176\" data-element_type=\"column\" data-e-type=\"column\">\n\t\t\t<div class=\"elementor-widget-wrap elementor-element-populated\">\n\t\t\t\t\t\t<div class=\"elementor-element elementor-element-833d1e9 icon-position-top content-align-left icon-box-vertical-align-top icon-vertical-align-start elementor-widget elementor-widget-the7_icon_box_widget\" data-id=\"833d1e9\" data-element_type=\"widget\" data-e-type=\"widget\" data-widget_type=\"the7_icon_box_widget.default\">\n\t\t\t\t<div class=\"elementor-widget-container\">\n\t\t\t\t\t\n\t\t<div class=\"the7-box-wrapper the7-elementor-widget the7_icon_box_widget-833d1e9\">\t\t\t<div class=\"box-content-wrapper\">\n\t\t\t\t\t\t\t\t\t<a class=\"elementor-icon-div\" >\t\t\t\t\t\t<div class=\"elementor-icon\">\n\t\t\t\t\t\t\t\t\t\t\t\t\t<\/div>\n\t\t\t\t\t<\/a>\t\t\t\t\t\t\t\t<div class=\"box-content\">\n\t\t\t\t\t\t\t\t\t\t\t\t\t\t\t\t\t<h3 class=\"box-heading\">\n\t\t\t\t\t\t\t<a >\t\t\t\t\t\t\t\tIMPRESSUM\t\t\t\t\t\t\t<\/a>\t\t\t\t\t\t<\/h3>\n\t\t\t\t\t\t\t\t\t\t\t\t\t\t\t\t<div class=\"box-description\"><p>Our company details:<br \/>Scandinavique S\u00e0rl \u2013 brand Woolami (\u201cWoolami\u201d hereinafter)<br \/>Chemin Tr\u00e9pomy 3B<br \/>1299 Crans-pr\u00e8s-C\u00e9ligny<br \/>Tel: +41 79\u00a0727 15 64<br \/>Email: hello@woolami.com<\/p><p>Commercial register no. CHE \u2013 221.881.170<\/p><\/div>\n\t\t\t\t\t\n\t\t\t\t\t\n\t\t\t\t<\/div>\n\t\t\t<\/div>\n\t\t<\/div>\t\t\t\t\t<\/div>\n\t\t\t\t<\/div>\n\t\t\t\t<div class=\"elementor-element elementor-element-203da40 elementor-widget elementor-widget-text-editor\" data-id=\"203da40\" data-element_type=\"widget\" data-e-type=\"widget\" data-widget_type=\"text-editor.default\">\n\t\t\t\t<div class=\"elementor-widget-container\">\n\t\t\t\t\t\t\t\t\t<p>All deliveries and services by Woolami are subject to our Terms and Conditions. Once you have confirmed your order, it is legally binding.<\/p><p><strong><span style=\"text-decoration: underline;\">Delivery Area<\/span><\/strong><br \/>We deliver within Switzerland and the majority of the European Union.<\/p><p><strong><span style=\"text-decoration: underline;\">Delivery time<\/span><\/strong><br \/>Deliveries are usually within 5-7 working days. Should we not have an article available in stock, we will notify you as soon as possible when to expect the delivery. Delivery is at the recipient\u2019s risk.<\/p><p><strong><span style=\"text-decoration: underline;\">Minimum order value<\/span><\/strong><br \/>There is no minimum order value.<\/p><p><strong><span style=\"text-decoration: underline;\">Your account<\/span><\/strong><br \/>When you purchase from woolami.ch, an account might be created as part of the checkout process. You are responsible for maintaining the confidentiality of your password, and you agree to accept responsibility for all activities that occur under your account.<\/p><p><strong><span style=\"text-decoration: underline;\">Delivery<\/span><\/strong><br \/>We want happy customers. We do our best so that your items will arrive reliable and in good shape. You pay shipping costs only once per order and they are calculated automatically when you check out. For orders over 100 CHF\/100 EUR, we offer free shipping.<\/p><p><strong><span style=\"text-decoration: underline;\">Prices<\/span><\/strong><br \/>All prices are in Swiss francs (CHF) and Euros (EUR) \u2013 incl. VAT.<\/p><p>Terms of payment<br \/>You can pay with PostFinance Card, PayPal, TWINT or credit card (MasterCard, Visa). Deliveries are made after payment is received.<br \/>Until full payment of the goods is made, they remain property of Woolami.<\/p><p><strong><span style=\"text-decoration: underline;\">Complaints<\/span><\/strong><br \/>Complaints about defects or incomplete or incorrect deliveries can be notified within 20 days of the invoice date.<\/p><p><strong><span style=\"text-decoration: underline;\">Return Policy<\/span><\/strong><br \/>We want our customers to be completely satisfied with the shopping at Woolami. This is why we offer a \u2018100% satisfied or reimbursed policy\u2019. If you are not completely satisfied with your product, you can return it within 20 days of invoice date. All we ask is that the Woolami product(s) come back to us in the condition they left us.<\/p><p>If you want to return an item, please send us an email at hello@woolami.com, and we will send you the necessary instructions.<\/p><p><strong><span style=\"text-decoration: underline;\">Privacy Policy<\/span><\/strong><br \/>All your personal data necessary will be treated confidentially.<br \/>Credit card information is handled by our Payment Service Provider, PostFinance, and is not stored or seen by us at any point.<\/p><p><strong><span style=\"text-decoration: underline;\">Contact Us<\/span><\/strong><br \/>Woolami<br \/>(Scandinavique S\u00e0rl)<br \/>Chemin Tr\u00e9pomy 3B<br \/>1299 Crans-pr\u00e8s-C\u00e9ligny<br \/>Email: hello@woolami.com<\/p><p><strong><span style=\"text-decoration: underline;\">Jurisdiction and applicable law<\/span><\/strong><br \/>Scandinavique (owner of Woolami brand) is a Switzerland-based company and as such is subject to Swiss law.<\/p><p>Only the English version of the Terms and Conditions is legally binding.<\/p>\t\t\t\t\t\t\t\t<\/div>\n\t\t\t\t<\/div>\n\t\t\t\t\t<\/div>\n\t\t<\/div>\n\t\t\t\t\t<\/div>\n\t\t<\/section>\n\t\t\t\t<\/div>\n\t\t","protected":false},"excerpt":{"rendered":"<p>IMPRESSUM Our company details:Scandinavique S\u00e0rl \u2013 brand Woolami (\u201cWoolami\u201d hereinafter)Chemin Tr\u00e9pomy 3B1299 Crans-pr\u00e8s-C\u00e9lignyTel: +41 79\u00a0727 15 64Email: hello@woolami.com Commercial register no. CHE \u2013 221.881.170 All deliveries and services by Woolami are subject to our Terms and Conditions. Once you have confirmed your order, it is legally binding. Delivery AreaWe deliver within Switzerland and the majority&hellip;<\/p>\n","protected":false},"author":1,"featured_media":0,"parent":0,"menu_order":0,"comment_status":"closed","ping_status":"closed","template":"elementor_header_footer","meta":{"footnotes":""},"class_list":["post-52264","page","type-page","status-publish","hentry"],"yoast_head":"<!-- This site is optimized with the Yoast SEO plugin v27.3 - https:\/\/yoast.com\/product\/yoast-seo-wordpress\/ -->\n<title>IMPRESSUM | Woolami<\/title>\n<meta name=\"robots\" content=\"index, follow, max-snippet:-1, max-image-preview:large, max-video-preview:-1\" \/>\n<link rel=\"canonical\" href=\"https:\/\/woolami.ch\/en\/impressum\/\" \/>\n<meta property=\"og:locale\" content=\"en_US\" \/>\n<meta property=\"og:type\" content=\"article\" \/>\n<meta property=\"og:title\" content=\"IMPRESSUM | Woolami\" \/>\n<meta property=\"og:description\" content=\"IMPRESSUM Our company details:Scandinavique S\u00e0rl \u2013 brand Woolami (\u201cWoolami\u201d hereinafter)Chemin Tr\u00e9pomy 3B1299 Crans-pr\u00e8s-C\u00e9lignyTel: +41 79\u00a0727 15 64Email: hello@woolami.com Commercial register no. CHE \u2013 221.881.170 All deliveries and services by Woolami are subject to our Terms and Conditions. Once you have confirmed your order, it is legally binding. Delivery AreaWe deliver within Switzerland and the majority&hellip;\" \/>\n<meta property=\"og:url\" content=\"https:\/\/woolami.ch\/en\/impressum\/\" \/>\n<meta property=\"og:site_name\" content=\"Woolami\" \/>\n<meta property=\"article:modified_time\" content=\"2021-11-25T16:39:04+00:00\" \/>\n<meta name=\"twitter:card\" content=\"summary_large_image\" \/>\n<meta name=\"twitter:label1\" content=\"Est. reading time\" \/>\n\t<meta name=\"twitter:data1\" content=\"2 minutes\" \/>\n<script type=\"application\/ld+json\" class=\"yoast-schema-graph\">{\"@context\":\"https:\\\/\\\/schema.org\",\"@graph\":[{\"@type\":\"WebPage\",\"@id\":\"https:\\\/\\\/woolami.ch\\\/en\\\/impressum\\\/\",\"url\":\"https:\\\/\\\/woolami.ch\\\/en\\\/impressum\\\/\",\"name\":\"IMPRESSUM | Woolami\",\"isPartOf\":{\"@id\":\"https:\\\/\\\/woolami.ch\\\/en\\\/#website\"},\"datePublished\":\"2021-11-25T16:37:26+00:00\",\"dateModified\":\"2021-11-25T16:39:04+00:00\",\"breadcrumb\":{\"@id\":\"https:\\\/\\\/woolami.ch\\\/en\\\/impressum\\\/#breadcrumb\"},\"inLanguage\":\"en-US\",\"potentialAction\":[{\"@type\":\"ReadAction\",\"target\":[\"https:\\\/\\\/woolami.ch\\\/en\\\/impressum\\\/\"]}]},{\"@type\":\"BreadcrumbList\",\"@id\":\"https:\\\/\\\/woolami.ch\\\/en\\\/impressum\\\/#breadcrumb\",\"itemListElement\":[{\"@type\":\"ListItem\",\"position\":1,\"name\":\"Accueil\",\"item\":\"https:\\\/\\\/woolami.ch\\\/en\\\/\"},{\"@type\":\"ListItem\",\"position\":2,\"name\":\"IMPRESSUM\"}]},{\"@type\":\"WebSite\",\"@id\":\"https:\\\/\\\/woolami.ch\\\/en\\\/#website\",\"url\":\"https:\\\/\\\/woolami.ch\\\/en\\\/\",\"name\":\"Woolami\",\"description\":\"Visit the official Woolami online store. A Swiss clothing brand offering 100% Everyday Merino Wear for active children aged 0 to 8 years.\",\"publisher\":{\"@id\":\"https:\\\/\\\/woolami.ch\\\/en\\\/#organization\"},\"potentialAction\":[{\"@type\":\"SearchAction\",\"target\":{\"@type\":\"EntryPoint\",\"urlTemplate\":\"https:\\\/\\\/woolami.ch\\\/en\\\/?s={search_term_string}\"},\"query-input\":{\"@type\":\"PropertyValueSpecification\",\"valueRequired\":true,\"valueName\":\"search_term_string\"}}],\"inLanguage\":\"en-US\"},{\"@type\":\"Organization\",\"@id\":\"https:\\\/\\\/woolami.ch\\\/en\\\/#organization\",\"name\":\"Woolami\",\"url\":\"https:\\\/\\\/woolami.ch\\\/en\\\/\",\"logo\":{\"@type\":\"ImageObject\",\"inLanguage\":\"en-US\",\"@id\":\"https:\\\/\\\/woolami.ch\\\/en\\\/#\\\/schema\\\/logo\\\/image\\\/\",\"url\":\"https:\\\/\\\/woolami.ch\\\/wp-content\\\/uploads\\\/2021\\\/12\\\/cropped-cropped-Woolami_shop.jpg\",\"contentUrl\":\"https:\\\/\\\/woolami.ch\\\/wp-content\\\/uploads\\\/2021\\\/12\\\/cropped-cropped-Woolami_shop.jpg\",\"width\":512,\"height\":512,\"caption\":\"Woolami\"},\"image\":{\"@id\":\"https:\\\/\\\/woolami.ch\\\/en\\\/#\\\/schema\\\/logo\\\/image\\\/\"}}]}<\/script>\n<!-- \/ Yoast SEO plugin. -->","yoast_head_json":{"title":"IMPRESSUM | Woolami","robots":{"index":"index","follow":"follow","max-snippet":"max-snippet:-1","max-image-preview":"max-image-preview:large","max-video-preview":"max-video-preview:-1"},"canonical":"https:\/\/woolami.ch\/en\/impressum\/","og_locale":"en_US","og_type":"article","og_title":"IMPRESSUM | Woolami","og_description":"IMPRESSUM Our company details:Scandinavique S\u00e0rl \u2013 brand Woolami (\u201cWoolami\u201d hereinafter)Chemin Tr\u00e9pomy 3B1299 Crans-pr\u00e8s-C\u00e9lignyTel: +41 79\u00a0727 15 64Email: hello@woolami.com Commercial register no. CHE \u2013 221.881.170 All deliveries and services by Woolami are subject to our Terms and Conditions. Once you have confirmed your order, it is legally binding. Delivery AreaWe deliver within Switzerland and the majority&hellip;","og_url":"https:\/\/woolami.ch\/en\/impressum\/","og_site_name":"Woolami","article_modified_time":"2021-11-25T16:39:04+00:00","twitter_card":"summary_large_image","twitter_misc":{"Est. reading time":"2 minutes"},"schema":{"@context":"https:\/\/schema.org","@graph":[{"@type":"WebPage","@id":"https:\/\/woolami.ch\/en\/impressum\/","url":"https:\/\/woolami.ch\/en\/impressum\/","name":"IMPRESSUM | Woolami","isPartOf":{"@id":"https:\/\/woolami.ch\/en\/#website"},"datePublished":"2021-11-25T16:37:26+00:00","dateModified":"2021-11-25T16:39:04+00:00","breadcrumb":{"@id":"https:\/\/woolami.ch\/en\/impressum\/#breadcrumb"},"inLanguage":"en-US","potentialAction":[{"@type":"ReadAction","target":["https:\/\/woolami.ch\/en\/impressum\/"]}]},{"@type":"BreadcrumbList","@id":"https:\/\/woolami.ch\/en\/impressum\/#breadcrumb","itemListElement":[{"@type":"ListItem","position":1,"name":"Accueil","item":"https:\/\/woolami.ch\/en\/"},{"@type":"ListItem","position":2,"name":"IMPRESSUM"}]},{"@type":"WebSite","@id":"https:\/\/woolami.ch\/en\/#website","url":"https:\/\/woolami.ch\/en\/","name":"Woolami","description":"Visit the official Woolami online store. A Swiss clothing brand offering 100% Everyday Merino Wear for active children aged 0 to 8 years.","publisher":{"@id":"https:\/\/woolami.ch\/en\/#organization"},"potentialAction":[{"@type":"SearchAction","target":{"@type":"EntryPoint","urlTemplate":"https:\/\/woolami.ch\/en\/?s={search_term_string}"},"query-input":{"@type":"PropertyValueSpecification","valueRequired":true,"valueName":"search_term_string"}}],"inLanguage":"en-US"},{"@type":"Organization","@id":"https:\/\/woolami.ch\/en\/#organization","name":"Woolami","url":"https:\/\/woolami.ch\/en\/","logo":{"@type":"ImageObject","inLanguage":"en-US","@id":"https:\/\/woolami.ch\/en\/#\/schema\/logo\/image\/","url":"https:\/\/woolami.ch\/wp-content\/uploads\/2021\/12\/cropped-cropped-Woolami_shop.jpg","contentUrl":"https:\/\/woolami.ch\/wp-content\/uploads\/2021\/12\/cropped-cropped-Woolami_shop.jpg","width":512,"height":512,"caption":"Woolami"},"image":{"@id":"https:\/\/woolami.ch\/en\/#\/schema\/logo\/image\/"}}]}},"_links":{"self":[{"href":"https:\/\/woolami.ch\/en\/wp-json\/wp\/v2\/pages\/52264","targetHints":{"allow":["GET"]}}],"collection":[{"href":"https:\/\/woolami.ch\/en\/wp-json\/wp\/v2\/pages"}],"about":[{"href":"https:\/\/woolami.ch\/en\/wp-json\/wp\/v2\/types\/page"}],"author":[{"embeddable":true,"href":"https:\/\/woolami.ch\/en\/wp-json\/wp\/v2\/users\/1"}],"replies":[{"embeddable":true,"href":"https:\/\/woolami.ch\/en\/wp-json\/wp\/v2\/comments?post=52264"}],"version-history":[{"count":0,"href":"https:\/\/woolami.ch\/en\/wp-json\/wp\/v2\/pages\/52264\/revisions"}],"wp:attachment":[{"href":"https:\/\/woolami.ch\/en\/wp-json\/wp\/v2\/media?parent=52264"}],"curies":[{"name":"wp","href":"https:\/\/api.w.org\/{rel}","templated":true}]}}